{"id":163,"date":"2024-04-08T11:38:19","date_gmt":"2024-04-08T14:38:19","guid":{"rendered":"https:\/\/cedin.tisolucion.cl\/colegio-coquimbo\/?page_id=163"},"modified":"2024-06-24T22:13:16","modified_gmt":"2024-06-25T02:13:16","slug":"horario-de-atencion","status":"publish","type":"page","link":"https:\/\/cedin.tisolucion.cl\/colegio-coquimbo\/horario-de-atencion\/","title":{"rendered":"Horario de atenci\u00f3n Educaci\u00f3n General B\u00e1sica"},"content":{"rendered":"\n<main class=\"wp-block-group alignfull site-content has-black-primary-gradient-background has-background has-global-padding is-layout-constrained wp-block-group-is-layout-constrained\" id=\"links-4col\" style=\"margin-top:0;padding-top:80px;padding-bottom:80px\">\n<h3 class=\"wp-block-heading has-text-align-center has-header-footer-color has-text-color\"><strong>HORARIO DE ATENCI\u00d3N DE PADRES Y APODERADOS<\/strong><\/h3>\n\n\n\n<p class=\"has-text-align-center\"><strong>\u00c1REA EDUCACI\u00d3N GENERAL B\u00c1SICA<\/strong> <strong>A\u00d1O ACAD\u00c9MICO 2024<\/strong><\/p>\n\n\n\n<div style=\"height:60px\" aria-hidden=\"true\" class=\"wp-block-spacer\"><\/div>\n\n\n\n<figure class=\"wp-block-table is-style-stripes\"><table style=\"border-style:none;border-width:0px\"><thead><tr><th>NOMBRE DOCENTE<\/th><th class=\"has-text-align-center\" data-align=\"center\">CURSO \/ ASIGNATURA<\/th><th class=\"has-text-align-center\" data-align=\"center\">HORARIO<\/th><\/tr><\/thead><tbody><tr><td>LICEN QUI\u00d1ONES MORENO<\/td><td class=\"has-text-align-center\" data-align=\"center\">1\u00b0 A<\/td><td class=\"has-text-align-center\" data-align=\"center\">LUNES \/ 16:30 A 17:15<\/td><\/tr><tr><td>MACIEL TORREJ\u00d3N CASTRO<\/td><td class=\"has-text-align-center\" data-align=\"center\">2\u00b0 A<\/td><td class=\"has-text-align-center\" data-align=\"center\">MI\u00c9RCOLES \/ 14:45 A 15:30<\/td><\/tr><tr><td>MACIEL TORREJ\u00d3N CASTRO<\/td><td class=\"has-text-align-center\" data-align=\"center\">4\u00b0 A<\/td><td class=\"has-text-align-center\" data-align=\"center\">MI\u00c9RCOLES \/ 08:00 A 08:45<\/td><\/tr><tr><td>JOSET CAMPOS HURTADO<\/td><td class=\"has-text-align-center\" data-align=\"center\">3\u00b0 A<\/td><td class=\"has-text-align-center\" data-align=\"center\">JUEVES \/12:15 A 13:00<\/td><\/tr><tr><td>JAVIERA PE\u00d1A VELASQUEZ<\/td><td class=\"has-text-align-center\" data-align=\"center\">5\u00b0 A<\/td><td class=\"has-text-align-center\" data-align=\"center\">LUNES \/ 15:30 A 16:15<\/td><\/tr><tr><td>NICOL CORT\u00c9S QUISPE<\/td><td class=\"has-text-align-center\" data-align=\"center\">5\u00b0 B<\/td><td class=\"has-text-align-center\" data-align=\"center\">LUNES \/ 14:00 A 15:15<\/td><\/tr><tr><td>MARCIA CORDOVEZ RIVERA<\/td><td class=\"has-text-align-center\" data-align=\"center\">6\u00b0 A<\/td><td class=\"has-text-align-center\" data-align=\"center\">MARTES \/ 12:15 A 13:00<\/td><\/tr><tr><td>JASNA ROJAS SAN FRANCISCO<\/td><td class=\"has-text-align-center\" data-align=\"center\">7\u00b0 A<\/td><td class=\"has-text-align-center\" data-align=\"center\">LUNES \/ 14:45 A 15:30<\/td><\/tr><tr><td>MARY CARMEN HIDALGO OLIVARRES<\/td><td class=\"has-text-align-center\" data-align=\"center\">8\u00b0 A<\/td><td class=\"has-text-align-center\" data-align=\"center\">MARTES \/ 15:30 A 16:15<\/td><\/tr><tr><td>FELISA PEREZ VASQUEZ<\/td><td class=\"has-text-align-center\" data-align=\"center\">INGL\u00c9S<\/td><td class=\"has-text-align-center\" data-align=\"center\">LUNES \/ 14:45 A 15:30<\/td><\/tr><tr><td>ESTEBAN SALAS ROJAS<\/td><td class=\"has-text-align-center\" data-align=\"center\">MATEM\u00c1TICA<\/td><td class=\"has-text-align-center\" data-align=\"center\">LUNES 15:30 A 16:15<\/td><\/tr><tr><td>MARCELA ROJAS VIDELA<\/td><td class=\"has-text-align-center\" data-align=\"center\">MATEM\u00c1TICA<\/td><td class=\"has-text-align-center\" data-align=\"center\">MI\u00c9RCOLES \/ 15:30 A 16:15<\/td><\/tr><tr><td>CHRISTOPHER ESPINOZA OGALDE<\/td><td class=\"has-text-align-center\" data-align=\"center\">EDUCACI\u00d3N F\u00cdSICA Y SALUD<\/td><td class=\"has-text-align-center\" data-align=\"center\">MI\u00c9RCOLES \/ 09:45 A 10:30<\/td><\/tr><tr><td>GERARDO SEP\u00daLVEDA ROJAS<\/td><td class=\"has-text-align-center\" data-align=\"center\">M\u00daSICA<\/td><td class=\"has-text-align-center\" data-align=\"center\">MI\u00c9RCOLES \/ 09:45 A 10:30<\/td><\/tr><tr><td>XIMENA CORT\u00c9S GUAJARDO<\/td><td class=\"has-text-align-center\" data-align=\"center\">RELIGI\u00d3N<\/td><td class=\"has-text-align-center\" data-align=\"center\">JUEVES \/ 14:45 A 15:30<\/td><\/tr><tr><td>VER\u00d3NICA ARAYA BURGOS<\/td><td class=\"has-text-align-center\" data-align=\"center\">PIE<\/td><td class=\"has-text-align-center\" data-align=\"center\">LUNES \/ 11:30 A 12:15<\/td><\/tr><tr><td>VER\u00d3NICA ARAYA BURGOS<\/td><td class=\"has-text-align-center\" data-align=\"center\">PIE<\/td><td class=\"has-text-align-center\" data-align=\"center\">JUEVES \/ 14:45 A 15:30<\/td><\/tr><tr><td>INGRID TAPIA PALACIOS<\/td><td class=\"has-text-align-center\" data-align=\"center\">PIE<\/td><td class=\"has-text-align-center\" data-align=\"center\">MI\u00c9RCOLES \/ 12:15 A 13:00<\/td><\/tr><tr><td>CAROLINA MART\u00cdNEZ TORRES<\/td><td class=\"has-text-align-center\" data-align=\"center\">PIE<\/td><td class=\"has-text-align-center\" data-align=\"center\">VIERNES \/ 15:30 A 16:15<\/td><\/tr><\/tbody><\/table><figcaption class=\"wp-element-caption\">Horarios de atenci\u00f3n disponibles para el a\u00f1o 2024<\/figcaption><\/figure>\n\n\n\n<p class=\"has-text-align-center\"><strong>MARCELA ROJAS VIDELA<\/strong><\/p>\n\n\n\n<p class=\"has-text-align-center\"><strong>JEFE UNIDAD T\u00c9CNICA PEDAG\u00d3GICA<\/strong><\/p>\n\n\n\n<p class=\"has-text-align-center\"><strong>EDUCACI\u00d3N GENERAL B\u00c1SICA<\/strong><\/p>\n\n\n\n<p class=\"has-text-align-center\"><strong>COLEGIO CEDIN<\/strong><\/p>\n\n\n\n<p class=\"has-text-align-center\"><strong>COQUIMBO<\/strong><\/p>\n\n\n\n<div class=\"wp-block-file aligncenter\"><a id=\"wp-block-file--media-38930862-37a8-4c1a-b570-238cfcb34e07\" href=\"https:\/\/cedin.tisolucion.cl\/colegio-coquimbo\/wp-content\/uploads\/sites\/3\/2024\/04\/Basica-Horario-de-Atencion-Padres-y-Apoderados.docx\">Basica-Horario-de-Atencion-Padres-y-Apoderados<\/a><a href=\"https:\/\/cedin.tisolucion.cl\/colegio-coquimbo\/wp-content\/uploads\/sites\/3\/2024\/04\/Basica-Horario-de-Atencion-Padres-y-Apoderados.docx\" class=\"wp-block-file__button wp-element-button\" download aria-describedby=\"wp-block-file--media-38930862-37a8-4c1a-b570-238cfcb34e07\">Descargar<\/a><\/div>\n<\/main>\n\n\n\n<main class=\"wp-block-group alignfull site-content has-primary-background-color has-background has-global-padding is-layout-constrained wp-block-group-is-layout-constrained\" id=\"links-4col\" style=\"margin-top:0;padding-top:80px;padding-bottom:80px\">\n<h3 class=\"wp-block-heading has-text-align-center has-white-color has-text-color\">Horario Atenci\u00f3n<\/h3>\n\n\n\n<div style=\"height:60px\" aria-hidden=\"true\" class=\"wp-block-spacer\"><\/div>\n\n\n\n<div class=\"wp-block-columns is-layout-flex wp-container-core-columns-is-layout-28f84493 wp-block-columns-is-layout-flex\">\n<div class=\"wp-block-column is-vertically-aligned-center is-style-round-corners has-secondary-background-color has-background is-layout-flow wp-block-column-is-layout-flow\" style=\"padding-top:80px;padding-right:var(--wp--preset--spacing--medium);padding-bottom:80px;padding-left:var(--wp--preset--spacing--medium)\">\n<div class=\"wp-block-outermost-icon-block items-justified-center\"><div class=\"icon-container\" style=\"width:48px\"><svg width=\"64\" height=\"58\" viewBox=\"0 0 64 58\" fill=\"none\" xmlns=\"http:\/\/www.w3.org\/2000\/svg\"><path d=\"M64 0L58.656 5.344L53.344 0L48 5.344L42.656 0L37.344 5.344L32 0L26.656 5.344L21.344 0L16 5.344L10.656 0L5.344 5.344L0 0V51.2C0 54.72 2.88 57.6 6.4 57.6H57.6C61.12 57.6 64 54.72 64 51.2V0ZM28.8 51.2H6.4V32H28.8V51.2ZM57.6 51.2H35.2V44.8H57.6V51.2ZM57.6 38.4H35.2V32H57.6V38.4ZM57.6 25.6H6.4V16H57.6V25.6Z\" fill=\"var(--wp--preset--color--secondary)\"><\/path><\/svg><\/div><\/div>\n\n\n\n<h4 class=\"wp-block-heading has-text-align-center has-primary-color has-text-color has-small-font-size\">\u00c1REA EDUCACI\u00d3N GENERAL B\u00c1SICA<\/h4>\n<\/div>\n\n\n\n<div class=\"wp-block-column is-vertically-aligned-center is-style-round-corners has-header-footer-background-color has-background is-layout-flow wp-block-column-is-layout-flow\" style=\"padding-top:80px;padding-right:var(--wp--preset--spacing--medium);padding-bottom:80px;padding-left:var(--wp--preset--spacing--medium)\">\n<div class=\"wp-block-outermost-icon-block items-justified-center\"><a class=\"icon-container\" href=\"https:\/\/cedin.tisolucion.cl\/colegio-coquimbo\/horario-de-atencion-adi\/\" style=\"width:48px\"><svg width=\"64\" height=\"58\" viewBox=\"0 0 64 58\" fill=\"none\" xmlns=\"http:\/\/www.w3.org\/2000\/svg\"><path d=\"M64 0L58.656 5.344L53.344 0L48 5.344L42.656 0L37.344 5.344L32 0L26.656 5.344L21.344 0L16 5.344L10.656 0L5.344 5.344L0 0V51.2C0 54.72 2.88 57.6 6.4 57.6H57.6C61.12 57.6 64 54.72 64 51.2V0ZM28.8 51.2H6.4V32H28.8V51.2ZM57.6 51.2H35.2V44.8H57.6V51.2ZM57.6 38.4H35.2V32H57.6V38.4ZM57.6 25.6H6.4V16H57.6V25.6Z\" fill=\"var(--wp--preset--color--secondary)\"><\/path><\/svg><\/a><\/div>\n\n\n\n<h4 class=\"wp-block-heading has-text-align-center has-primary-color has-text-color has-small-font-size\"><a href=\"https:\/\/cedin.tisolucion.cl\/colegio-coquimbo\/horario-de-atencion-adi\/\" data-type=\"page\" data-id=\"191\">\u00c1REA TRASTORNO DEL DESARROLLO INTELECTUAL<\/a><\/h4>\n<\/div>\n\n\n\n<div class=\"wp-block-column is-vertically-aligned-center is-style-round-corners has-header-footer-background-color has-background is-layout-flow wp-block-column-is-layout-flow\" style=\"padding-top:80px;padding-right:var(--wp--preset--spacing--medium);padding-bottom:80px;padding-left:var(--wp--preset--spacing--medium)\">\n<div class=\"wp-block-outermost-icon-block items-justified-center\"><a class=\"icon-container\" href=\"https:\/\/cedin.tisolucion.cl\/colegio-coquimbo\/horario-de-atencion-atedl\/\" style=\"width:48px\"><svg width=\"64\" height=\"58\" viewBox=\"0 0 64 58\" fill=\"none\" xmlns=\"http:\/\/www.w3.org\/2000\/svg\"><path d=\"M64 0L58.656 5.344L53.344 0L48 5.344L42.656 0L37.344 5.344L32 0L26.656 5.344L21.344 0L16 5.344L10.656 0L5.344 5.344L0 0V51.2C0 54.72 2.88 57.6 6.4 57.6H57.6C61.12 57.6 64 54.72 64 51.2V0ZM28.8 51.2H6.4V32H28.8V51.2ZM57.6 51.2H35.2V44.8H57.6V51.2ZM57.6 38.4H35.2V32H57.6V38.4ZM57.6 25.6H6.4V16H57.6V25.6Z\" fill=\"var(--wp--preset--color--secondary)\"><\/path><\/svg><\/a><\/div>\n\n\n\n<h4 class=\"wp-block-heading has-text-align-center has-primary-color has-text-color has-small-font-size\"><a href=\"https:\/\/cedin.tisolucion.cl\/colegio-coquimbo\/horario-de-atencion-atedl\/\" data-type=\"page\" data-id=\"201\">\u00c1REA TRASTORNOS ESP. DEL LENGUAJE<\/a><\/h4>\n<\/div>\n<\/div>\n<\/main>\n\n\n\n<p><\/p>\n","protected":false},"excerpt":{"rendered":"<p>HORARIO DE ATENCI\u00d3N DE PADRES Y APODERADOS \u00c1REA EDUCACI\u00d3N GENERAL B\u00c1SICA A\u00d1O ACAD\u00c9MICO 2024 NOMBRE DOCENTE CURSO \/ ASIGNATURA HORARIO LICEN QUI\u00d1ONES MORENO 1\u00b0 A LUNES \/ 16:30 A 17:15 MACIEL TORREJ\u00d3N CASTRO 2\u00b0 A MI\u00c9RCOLES \/ 14:45 A 15:30 MACIEL TORREJ\u00d3N CASTRO 4\u00b0 A MI\u00c9RCOLES \/ 08:00 A 08:45 JOSET CAMPOS HURTADO 3\u00b0 A [&hellip;]<\/p>\n","protected":false},"author":1,"featured_media":0,"parent":0,"menu_order":0,"comment_status":"closed","ping_status":"closed","template":"","meta":{"footnotes":""},"class_list":["post-163","page","type-page","status-publish","hentry"],"_links":{"self":[{"href":"https:\/\/cedin.tisolucion.cl\/colegio-coquimbo\/wp-json\/wp\/v2\/pages\/163","targetHints":{"allow":["GET"]}}],"collection":[{"href":"https:\/\/cedin.tisolucion.cl\/colegio-coquimbo\/wp-json\/wp\/v2\/pages"}],"about":[{"href":"https:\/\/cedin.tisolucion.cl\/colegio-coquimbo\/wp-json\/wp\/v2\/types\/page"}],"author":[{"embeddable":true,"href":"https:\/\/cedin.tisolucion.cl\/colegio-coquimbo\/wp-json\/wp\/v2\/users\/1"}],"replies":[{"embeddable":true,"href":"https:\/\/cedin.tisolucion.cl\/colegio-coquimbo\/wp-json\/wp\/v2\/comments?post=163"}],"version-history":[{"count":27,"href":"https:\/\/cedin.tisolucion.cl\/colegio-coquimbo\/wp-json\/wp\/v2\/pages\/163\/revisions"}],"predecessor-version":[{"id":878,"href":"https:\/\/cedin.tisolucion.cl\/colegio-coquimbo\/wp-json\/wp\/v2\/pages\/163\/revisions\/878"}],"wp:attachment":[{"href":"https:\/\/cedin.tisolucion.cl\/colegio-coquimbo\/wp-json\/wp\/v2\/media?parent=163"}],"curies":[{"name":"wp","href":"https:\/\/api.w.org\/{rel}","templated":true}]}}