{"id":416,"date":"2024-04-28T00:15:36","date_gmt":"2024-04-28T03:15:36","guid":{"rendered":"https:\/\/cedin.tisolucion.cl\/colegio-coquimbo\/?page_id=416"},"modified":"2024-06-24T22:17:11","modified_gmt":"2024-06-25T02:17:11","slug":"direccion","status":"publish","type":"page","link":"https:\/\/cedin.tisolucion.cl\/colegio-coquimbo\/direccion\/","title":{"rendered":"Direcci\u00f3n"},"content":{"rendered":"\n<div class=\"wp-block-group has-global-padding is-layout-constrained wp-block-group-is-layout-constrained\">\n<div class=\"wp-block-group is-layout-flow wp-block-group-is-layout-flow\">\n<h2 class=\"wp-block-heading has-text-align-center has-primary-color has-text-color has-max-48-font-size\">Unidad T\u00e9cnica Pedag\u00f3gica<\/h2>\n\n\n\n<div style=\"height:0px\" aria-hidden=\"true\" class=\"wp-block-spacer\"><\/div>\n\n\n\n<div style=\"height:33px\" aria-hidden=\"true\" class=\"wp-block-spacer\"><\/div>\n\n\n\n<div class=\"wp-block-columns is-layout-flex wp-container-core-columns-is-layout-28f84493 wp-block-columns-is-layout-flex\">\n<div class=\"wp-block-column is-style-default is-layout-flow wp-block-column-is-layout-flow\" style=\"border-style:none;border-width:0px;padding-top:0;padding-right:0;padding-bottom:0;padding-left:0\"><\/div>\n\n\n\n<div class=\"wp-block-column is-style-default is-layout-flow wp-block-column-is-layout-flow\" style=\"border-style:none;border-width:0px;padding-top:0;padding-right:0;padding-bottom:0;padding-left:0\">\n<figure class=\"wp-block-image size-full has-custom-border\"><img loading=\"lazy\" decoding=\"async\" width=\"1333\" height=\"1000\" src=\"https:\/\/cedin.tisolucion.cl\/colegio-coquimbo\/wp-content\/uploads\/sites\/3\/2024\/05\/IMG_1360-1-rotated-e1714578905416.jpg\" alt=\"\" class=\"wp-image-480\" style=\"border-radius:12px;aspect-ratio:4\/3;object-fit:cover\" srcset=\"https:\/\/cedin.tisolucion.cl\/colegio-coquimbo\/wp-content\/uploads\/sites\/3\/2024\/05\/IMG_1360-1-rotated-e1714578905416.jpg 1333w, https:\/\/cedin.tisolucion.cl\/colegio-coquimbo\/wp-content\/uploads\/sites\/3\/2024\/05\/IMG_1360-1-rotated-e1714578905416-300x225.jpg 300w, https:\/\/cedin.tisolucion.cl\/colegio-coquimbo\/wp-content\/uploads\/sites\/3\/2024\/05\/IMG_1360-1-rotated-e1714578905416-1024x768.jpg 1024w, https:\/\/cedin.tisolucion.cl\/colegio-coquimbo\/wp-content\/uploads\/sites\/3\/2024\/05\/IMG_1360-1-rotated-e1714578905416-768x576.jpg 768w\" sizes=\"auto, (max-width: 1333px) 100vw, 1333px\" \/><\/figure>\n\n\n\n<h2 class=\"wp-block-heading\">Mary Hidalgo Olivares<\/h2>\n\n\n\n<p>Directora CEDIN Coquimbo<\/p>\n<\/div>\n\n\n\n<div class=\"wp-block-column is-style-default is-layout-flow wp-block-column-is-layout-flow\" style=\"border-style:none;border-width:0px;padding-top:0;padding-right:0;padding-bottom:0;padding-left:0\"><\/div>\n<\/div>\n\n\n\n<div class=\"wp-block-columns is-layout-flex wp-container-core-columns-is-layout-28f84493 wp-block-columns-is-layout-flex\">\n<div class=\"wp-block-column is-style-default is-layout-flow wp-block-column-is-layout-flow\" style=\"border-style:none;border-width:0px;padding-top:0;padding-right:0;padding-bottom:0;padding-left:0\">\n<figure class=\"wp-block-image size-full has-custom-border is-style-default\"><img loading=\"lazy\" decoding=\"async\" width=\"1333\" height=\"1000\" src=\"https:\/\/cedin.tisolucion.cl\/colegio-coquimbo\/wp-content\/uploads\/sites\/3\/2024\/05\/IMG_1364-1-rotated-e1714579004649.jpg\" alt=\"\" class=\"wp-image-481\" style=\"border-radius:12px\" srcset=\"https:\/\/cedin.tisolucion.cl\/colegio-coquimbo\/wp-content\/uploads\/sites\/3\/2024\/05\/IMG_1364-1-rotated-e1714579004649.jpg 1333w, https:\/\/cedin.tisolucion.cl\/colegio-coquimbo\/wp-content\/uploads\/sites\/3\/2024\/05\/IMG_1364-1-rotated-e1714579004649-300x225.jpg 300w, https:\/\/cedin.tisolucion.cl\/colegio-coquimbo\/wp-content\/uploads\/sites\/3\/2024\/05\/IMG_1364-1-rotated-e1714579004649-1024x768.jpg 1024w, https:\/\/cedin.tisolucion.cl\/colegio-coquimbo\/wp-content\/uploads\/sites\/3\/2024\/05\/IMG_1364-1-rotated-e1714579004649-768x576.jpg 768w\" sizes=\"auto, (max-width: 1333px) 100vw, 1333px\" \/><\/figure>\n\n\n\n<h2 class=\"wp-block-heading has-text-align-left\">Marcela Rojas Videla<\/h2>\n\n\n\n<p class=\"has-text-align-left\">Jefe Unidad T\u00e9cnica Pedag\u00f3gica             Educaci\u00f3n General B\u00e1sica<\/p>\n<\/div>\n\n\n\n<div class=\"wp-block-column is-style-default is-layout-flow wp-block-column-is-layout-flow\" style=\"border-style:none;border-width:0px;padding-top:0;padding-right:0;padding-bottom:0;padding-left:0\">\n<figure class=\"wp-block-image size-full has-custom-border\"><img loading=\"lazy\" decoding=\"async\" width=\"1333\" height=\"1000\" src=\"https:\/\/cedin.tisolucion.cl\/colegio-coquimbo\/wp-content\/uploads\/sites\/3\/2024\/05\/IMG_1353-1-rotated-e1714578855275.jpg\" alt=\"\" class=\"wp-image-477\" style=\"border-radius:12px;aspect-ratio:4\/3;object-fit:cover\" srcset=\"https:\/\/cedin.tisolucion.cl\/colegio-coquimbo\/wp-content\/uploads\/sites\/3\/2024\/05\/IMG_1353-1-rotated-e1714578855275.jpg 1333w, https:\/\/cedin.tisolucion.cl\/colegio-coquimbo\/wp-content\/uploads\/sites\/3\/2024\/05\/IMG_1353-1-rotated-e1714578855275-300x225.jpg 300w, https:\/\/cedin.tisolucion.cl\/colegio-coquimbo\/wp-content\/uploads\/sites\/3\/2024\/05\/IMG_1353-1-rotated-e1714578855275-1024x768.jpg 1024w, https:\/\/cedin.tisolucion.cl\/colegio-coquimbo\/wp-content\/uploads\/sites\/3\/2024\/05\/IMG_1353-1-rotated-e1714578855275-768x576.jpg 768w\" sizes=\"auto, (max-width: 1333px) 100vw, 1333px\" \/><\/figure>\n\n\n\n<h2 class=\"wp-block-heading\">Elizabeth Veas Flores<\/h2>\n\n\n\n<p>Jefe Unidad T\u00e9cnica Pedag\u00f3gica Trastorno del Desarrollo Intelectual<\/p>\n<\/div>\n\n\n\n<div class=\"wp-block-column is-style-default is-layout-flow wp-block-column-is-layout-flow\" style=\"border-style:none;border-width:0px;padding-top:0;padding-right:0;padding-bottom:0;padding-left:0\">\n<figure class=\"wp-block-image size-full has-custom-border\"><img loading=\"lazy\" decoding=\"async\" width=\"1333\" height=\"1000\" src=\"https:\/\/cedin.tisolucion.cl\/colegio-coquimbo\/wp-content\/uploads\/sites\/3\/2024\/05\/IMG_1396-1-rotated-e1714579026355.jpg\" alt=\"\" class=\"wp-image-482\" style=\"border-radius:12px;aspect-ratio:4\/3;object-fit:cover\" srcset=\"https:\/\/cedin.tisolucion.cl\/colegio-coquimbo\/wp-content\/uploads\/sites\/3\/2024\/05\/IMG_1396-1-rotated-e1714579026355.jpg 1333w, https:\/\/cedin.tisolucion.cl\/colegio-coquimbo\/wp-content\/uploads\/sites\/3\/2024\/05\/IMG_1396-1-rotated-e1714579026355-300x225.jpg 300w, https:\/\/cedin.tisolucion.cl\/colegio-coquimbo\/wp-content\/uploads\/sites\/3\/2024\/05\/IMG_1396-1-rotated-e1714579026355-1024x768.jpg 1024w, https:\/\/cedin.tisolucion.cl\/colegio-coquimbo\/wp-content\/uploads\/sites\/3\/2024\/05\/IMG_1396-1-rotated-e1714579026355-768x576.jpg 768w\" sizes=\"auto, (max-width: 1333px) 100vw, 1333px\" \/><\/figure>\n\n\n\n<h2 class=\"wp-block-heading\">Carolina Mart\u00ednez<\/h2>\n\n\n\n<p>Jefe Unidad T\u00e9cnica Pedag\u00f3gica            Trastornos Espec\u00edficos del Lenguaje<\/p>\n<\/div>\n<\/div>\n\n\n\n<div style=\"height:118px\" aria-hidden=\"true\" class=\"wp-block-spacer\"><\/div>\n<\/div>\n<\/div>\n","protected":false},"excerpt":{"rendered":"<p>Unidad T\u00e9cnica Pedag\u00f3gica Mary Hidalgo Olivares Directora CEDIN Coquimbo Marcela Rojas Videla Jefe Unidad T\u00e9cnica Pedag\u00f3gica Educaci\u00f3n General B\u00e1sica Elizabeth Veas Flores Jefe Unidad T\u00e9cnica Pedag\u00f3gica Trastorno del Desarrollo Intelectual Carolina Mart\u00ednez Jefe Unidad T\u00e9cnica Pedag\u00f3gica Trastornos Espec\u00edficos del Lenguaje<\/p>\n","protected":false},"author":1,"featured_media":0,"parent":0,"menu_order":1,"comment_status":"closed","ping_status":"closed","template":"","meta":{"footnotes":""},"class_list":["post-416","page","type-page","status-publish","hentry"],"_links":{"self":[{"href":"https:\/\/cedin.tisolucion.cl\/colegio-coquimbo\/wp-json\/wp\/v2\/pages\/416","targetHints":{"allow":["GET"]}}],"collection":[{"href":"https:\/\/cedin.tisolucion.cl\/colegio-coquimbo\/wp-json\/wp\/v2\/pages"}],"about":[{"href":"https:\/\/cedin.tisolucion.cl\/colegio-coquimbo\/wp-json\/wp\/v2\/types\/page"}],"author":[{"embeddable":true,"href":"https:\/\/cedin.tisolucion.cl\/colegio-coquimbo\/wp-json\/wp\/v2\/users\/1"}],"replies":[{"embeddable":true,"href":"https:\/\/cedin.tisolucion.cl\/colegio-coquimbo\/wp-json\/wp\/v2\/comments?post=416"}],"version-history":[{"count":3,"href":"https:\/\/cedin.tisolucion.cl\/colegio-coquimbo\/wp-json\/wp\/v2\/pages\/416\/revisions"}],"predecessor-version":[{"id":883,"href":"https:\/\/cedin.tisolucion.cl\/colegio-coquimbo\/wp-json\/wp\/v2\/pages\/416\/revisions\/883"}],"wp:attachment":[{"href":"https:\/\/cedin.tisolucion.cl\/colegio-coquimbo\/wp-json\/wp\/v2\/media?parent=416"}],"curies":[{"name":"wp","href":"https:\/\/api.w.org\/{rel}","templated":true}]}}