{"id":528,"date":"2024-05-01T22:35:36","date_gmt":"2024-05-02T01:35:36","guid":{"rendered":"https:\/\/cedin.tisolucion.cl\/colegio-coquimbo\/?page_id=528"},"modified":"2024-05-08T10:00:49","modified_gmt":"2024-05-08T13:00:49","slug":"academias","status":"publish","type":"page","link":"https:\/\/cedin.tisolucion.cl\/colegio-coquimbo\/academias\/","title":{"rendered":"Academias"},"content":{"rendered":"\n<main class=\"wp-block-group alignfull site-content has-black-primary-gradient-background has-background has-global-padding is-layout-constrained wp-block-group-is-layout-constrained\" id=\"links-4col\" style=\"margin-top:0;padding-top:80px;padding-bottom:80px\">\n<h3 class=\"wp-block-heading has-text-align-center has-header-footer-color has-text-color\"><strong>Acad\u00e9mias 2024<\/strong><\/h3>\n\n\n\n<p class=\"has-text-align-center\">Te invitamos a participar de las academias organizadas para este a\u00f1o.<\/p>\n\n\n\n<div style=\"height:33px\" aria-hidden=\"true\" class=\"wp-block-spacer\"><\/div>\n\n\n\n<figure class=\"wp-block-table is-style-stripes\"><table style=\"border-style:none;border-width:0px\"><thead><tr><th class=\"has-text-align-center\" data-align=\"center\">ACAD\u00c9MIA<\/th><th class=\"has-text-align-center\" data-align=\"center\">DOCENTE<\/th><th class=\"has-text-align-center\" data-align=\"center\">D\u00eda<\/th><th class=\"has-text-align-center\" data-align=\"center\">HORARIO<\/th><\/tr><\/thead><tbody><tr><td class=\"has-text-align-center\" data-align=\"center\">Musical<\/td><td class=\"has-text-align-center\" data-align=\"center\">Gerardo Sep\u00falveda<\/td><td class=\"has-text-align-center\" data-align=\"center\">Lunes y Mi\u00e9rcoles<\/td><td class=\"has-text-align-center\" data-align=\"center\">14:45<br>a<br>16:15<\/td><\/tr><tr><td class=\"has-text-align-center\" data-align=\"center\">Bal\u00f3n Mano<\/td><td class=\"has-text-align-center\" data-align=\"center\">Herman Cerda<\/td><td class=\"has-text-align-center\" data-align=\"center\">Lunes<\/td><td class=\"has-text-align-center\" data-align=\"center\">14:00<br>a<br>15:30<\/td><\/tr><tr><td class=\"has-text-align-center\" data-align=\"center\">Futbol Masculino<\/td><td class=\"has-text-align-center\" data-align=\"center\">Herman Cerda<\/td><td class=\"has-text-align-center\" data-align=\"center\">Mi\u00e9rcoles<\/td><td class=\"has-text-align-center\" data-align=\"center\">15:15<br>a<br>16:45<\/td><\/tr><tr><td class=\"has-text-align-center\" data-align=\"center\">B\u00e1squetbol Mixto Adaptado<\/td><td class=\"has-text-align-center\" data-align=\"center\">Christopher Espinoza<\/td><td class=\"has-text-align-center\" data-align=\"center\">Mi\u00e9rcoles<\/td><td class=\"has-text-align-center\" data-align=\"center\">14:00<br>a<br>15:30<\/td><\/tr><tr><td class=\"has-text-align-center\" data-align=\"center\">Mundo de colores<\/td><td class=\"has-text-align-center\" data-align=\"center\">Marcia Cordovez<\/td><td class=\"has-text-align-center\" data-align=\"center\">Jueves<\/td><td class=\"has-text-align-center\" data-align=\"center\">13:00<br>a<br>14:30<\/td><\/tr><tr><td class=\"has-text-align-center\" data-align=\"center\">Futbol Femenino<\/td><td class=\"has-text-align-center\" data-align=\"center\">Herman Cerda<\/td><td class=\"has-text-align-center\" data-align=\"center\">Jueves<\/td><td class=\"has-text-align-center\" data-align=\"center\">14:00<br>a<br>15:30<\/td><\/tr><\/tbody><\/table><\/figure>\n\n\n\n<p class=\"has-text-align-center\"><strong>COLEGIO CEDIN<\/strong><\/p>\n\n\n\n<p class=\"has-text-align-center\"><strong>COQUIMBO<\/strong><\/p>\n\n\n\n<div class=\"wp-block-file aligncenter\" style=\"margin-top:0;margin-bottom:0\"><a id=\"wp-block-file--media-c6233417-2de1-4ca4-8eb2-2d3d12551341\" href=\"https:\/\/cedin.tisolucion.cl\/colegio-coquimbo\/wp-content\/uploads\/sites\/3\/2024\/05\/ACADEMIAS-2024.pdf\">ACADEMIAS-2024<\/a><a href=\"https:\/\/cedin.tisolucion.cl\/colegio-coquimbo\/wp-content\/uploads\/sites\/3\/2024\/05\/ACADEMIAS-2024.pdf\" class=\"wp-block-file__button wp-element-button\" download aria-describedby=\"wp-block-file--media-c6233417-2de1-4ca4-8eb2-2d3d12551341\">Descargar<\/a><\/div>\n<\/main>\n","protected":false},"excerpt":{"rendered":"<p>Acad\u00e9mias 2024 Te invitamos a participar de las academias organizadas para este a\u00f1o. ACAD\u00c9MIA DOCENTE D\u00eda HORARIO Musical Gerardo Sep\u00falveda Lunes y Mi\u00e9rcoles 14:45a16:15 Bal\u00f3n Mano Herman Cerda Lunes 14:00a15:30 Futbol Masculino Herman Cerda Mi\u00e9rcoles 15:15a16:45 B\u00e1squetbol Mixto Adaptado Christopher Espinoza Mi\u00e9rcoles 14:00a15:30 Mundo de colores Marcia Cordovez Jueves 13:00a14:30 Futbol Femenino Herman Cerda Jueves [&hellip;]<\/p>\n","protected":false},"author":1,"featured_media":0,"parent":0,"menu_order":0,"comment_status":"closed","ping_status":"closed","template":"","meta":{"footnotes":""},"class_list":["post-528","page","type-page","status-publish","hentry"],"_links":{"self":[{"href":"https:\/\/cedin.tisolucion.cl\/colegio-coquimbo\/wp-json\/wp\/v2\/pages\/528","targetHints":{"allow":["GET"]}}],"collection":[{"href":"https:\/\/cedin.tisolucion.cl\/colegio-coquimbo\/wp-json\/wp\/v2\/pages"}],"about":[{"href":"https:\/\/cedin.tisolucion.cl\/colegio-coquimbo\/wp-json\/wp\/v2\/types\/page"}],"author":[{"embeddable":true,"href":"https:\/\/cedin.tisolucion.cl\/colegio-coquimbo\/wp-json\/wp\/v2\/users\/1"}],"replies":[{"embeddable":true,"href":"https:\/\/cedin.tisolucion.cl\/colegio-coquimbo\/wp-json\/wp\/v2\/comments?post=528"}],"version-history":[{"count":8,"href":"https:\/\/cedin.tisolucion.cl\/colegio-coquimbo\/wp-json\/wp\/v2\/pages\/528\/revisions"}],"predecessor-version":[{"id":616,"href":"https:\/\/cedin.tisolucion.cl\/colegio-coquimbo\/wp-json\/wp\/v2\/pages\/528\/revisions\/616"}],"wp:attachment":[{"href":"https:\/\/cedin.tisolucion.cl\/colegio-coquimbo\/wp-json\/wp\/v2\/media?parent=528"}],"curies":[{"name":"wp","href":"https:\/\/api.w.org\/{rel}","templated":true}]}}