{"id":537,"date":"2024-05-01T23:18:59","date_gmt":"2024-05-02T02:18:59","guid":{"rendered":"https:\/\/cedin.tisolucion.cl\/colegio-coquimbo\/?page_id=537"},"modified":"2024-05-22T00:08:23","modified_gmt":"2024-05-22T03:08:23","slug":"proyecto-de-integracion-escolar-pie","status":"publish","type":"page","link":"https:\/\/cedin.tisolucion.cl\/colegio-coquimbo\/proyecto-de-integracion-escolar-pie\/","title":{"rendered":"Proyecto de Integraci\u00f3n Escolar PIE"},"content":{"rendered":"\n<p>El MINEDUC se\u00f1ala que el Proyecto de Integraci\u00f3n Escolar PIE, \u201ces un conjunto de recursos y apoyo, que se implementa en establecimientos educacionales, para favorecer la permanencia, la participaci\u00f3n y los aprendizajes de los estudiantes con Necesidades Educativas Especiales\u201d.<\/p>\n\n\n\n<p>Nuestro colegio cuenta con una red de profesionales capacitados para apoyar a nuestros estudiantes con NEE sean estas permanentes o transitorias. Ellos los apoyan en el aula para equiparar las oportunidades de aprendizaje en aquellos estudiantes que necesitan m\u00e1s apoyo para lograr sus aprendizajes. Nuestro equipo est\u00e1 formado por educadoras diferenciales, psic\u00f3logas y fonoaudi\u00f3loga quienes trabajan junto a los docentes de asignatura seleccionando las mejores estrategias y recursos para apoyar a nuestros estudiantes en su desempe\u00f1o acad\u00e9mico.<\/p>\n\n\n\n<div class=\"wp-block-columns is-layout-flex wp-container-core-columns-is-layout-28f84493 wp-block-columns-is-layout-flex\">\n<div class=\"wp-block-column is-layout-flow wp-block-column-is-layout-flow\" style=\"flex-basis:25%\"><\/div>\n\n\n\n<div class=\"wp-block-column is-layout-flow wp-block-column-is-layout-flow\" style=\"flex-basis:50%\">\n<figure class=\"wp-block-image size-large is-style-rounded\"><img loading=\"lazy\" decoding=\"async\" width=\"1024\" height=\"682\" src=\"https:\/\/cedin.tisolucion.cl\/colegio-coquimbo\/wp-content\/uploads\/sites\/3\/2024\/05\/IMG_1376-1024x682.jpg\" alt=\"\" class=\"wp-image-672\" srcset=\"https:\/\/cedin.tisolucion.cl\/colegio-coquimbo\/wp-content\/uploads\/sites\/3\/2024\/05\/IMG_1376-1024x682.jpg 1024w, https:\/\/cedin.tisolucion.cl\/colegio-coquimbo\/wp-content\/uploads\/sites\/3\/2024\/05\/IMG_1376-300x200.jpg 300w, https:\/\/cedin.tisolucion.cl\/colegio-coquimbo\/wp-content\/uploads\/sites\/3\/2024\/05\/IMG_1376-768x511.jpg 768w, https:\/\/cedin.tisolucion.cl\/colegio-coquimbo\/wp-content\/uploads\/sites\/3\/2024\/05\/IMG_1376-1536x1023.jpg 1536w, https:\/\/cedin.tisolucion.cl\/colegio-coquimbo\/wp-content\/uploads\/sites\/3\/2024\/05\/IMG_1376.jpg 2000w\" sizes=\"auto, (max-width: 1024px) 100vw, 1024px\" \/><\/figure>\n<\/div>\n\n\n\n<div class=\"wp-block-column is-layout-flow wp-block-column-is-layout-flow\" style=\"flex-basis:25%\"><\/div>\n<\/div>\n\n\n\n<p><\/p>\n\n\n\n<div class=\"wp-block-columns is-layout-flex wp-container-core-columns-is-layout-28f84493 wp-block-columns-is-layout-flex\">\n<div class=\"wp-block-column is-layout-flow wp-block-column-is-layout-flow\" style=\"flex-basis:25%\"><\/div>\n\n\n\n<div class=\"wp-block-column is-layout-flow wp-block-column-is-layout-flow\" style=\"flex-basis:50%\">\n<div class=\"wp-block-columns is-layout-flex wp-container-core-columns-is-layout-28f84493 wp-block-columns-is-layout-flex\">\n<div class=\"wp-block-column is-layout-flow wp-block-column-is-layout-flow\">\n<figure class=\"wp-block-image size-large has-custom-border is-style-default\"><img loading=\"lazy\" decoding=\"async\" width=\"682\" height=\"1024\" src=\"https:\/\/cedin.tisolucion.cl\/colegio-coquimbo\/wp-content\/uploads\/sites\/3\/2024\/05\/IMG_1400-682x1024.jpg\" alt=\"\" class=\"wp-image-673\" style=\"border-radius:30px\" srcset=\"https:\/\/cedin.tisolucion.cl\/colegio-coquimbo\/wp-content\/uploads\/sites\/3\/2024\/05\/IMG_1400-682x1024.jpg 682w, https:\/\/cedin.tisolucion.cl\/colegio-coquimbo\/wp-content\/uploads\/sites\/3\/2024\/05\/IMG_1400-200x300.jpg 200w, https:\/\/cedin.tisolucion.cl\/colegio-coquimbo\/wp-content\/uploads\/sites\/3\/2024\/05\/IMG_1400-768x1153.jpg 768w, https:\/\/cedin.tisolucion.cl\/colegio-coquimbo\/wp-content\/uploads\/sites\/3\/2024\/05\/IMG_1400-1023x1536.jpg 1023w, https:\/\/cedin.tisolucion.cl\/colegio-coquimbo\/wp-content\/uploads\/sites\/3\/2024\/05\/IMG_1400-rotated.jpg 1332w\" sizes=\"auto, (max-width: 682px) 100vw, 682px\" \/><\/figure>\n<\/div>\n\n\n\n<div class=\"wp-block-column is-layout-flow wp-block-column-is-layout-flow\">\n<figure class=\"wp-block-image size-large has-custom-border is-style-default\"><img loading=\"lazy\" decoding=\"async\" width=\"682\" height=\"1024\" src=\"https:\/\/cedin.tisolucion.cl\/colegio-coquimbo\/wp-content\/uploads\/sites\/3\/2024\/05\/IMG_1463-682x1024.jpg\" alt=\"\" class=\"wp-image-674\" style=\"border-radius:30px\" srcset=\"https:\/\/cedin.tisolucion.cl\/colegio-coquimbo\/wp-content\/uploads\/sites\/3\/2024\/05\/IMG_1463-682x1024.jpg 682w, https:\/\/cedin.tisolucion.cl\/colegio-coquimbo\/wp-content\/uploads\/sites\/3\/2024\/05\/IMG_1463-200x300.jpg 200w, https:\/\/cedin.tisolucion.cl\/colegio-coquimbo\/wp-content\/uploads\/sites\/3\/2024\/05\/IMG_1463-768x1153.jpg 768w, https:\/\/cedin.tisolucion.cl\/colegio-coquimbo\/wp-content\/uploads\/sites\/3\/2024\/05\/IMG_1463-1023x1536.jpg 1023w, https:\/\/cedin.tisolucion.cl\/colegio-coquimbo\/wp-content\/uploads\/sites\/3\/2024\/05\/IMG_1463-rotated.jpg 1332w\" sizes=\"auto, (max-width: 682px) 100vw, 682px\" \/><\/figure>\n<\/div>\n<\/div>\n<\/div>\n\n\n\n<div class=\"wp-block-column is-layout-flow wp-block-column-is-layout-flow\" style=\"flex-basis:25%\"><\/div>\n<\/div>\n","protected":false},"excerpt":{"rendered":"<p>El MINEDUC se\u00f1ala que el Proyecto de Integraci\u00f3n Escolar PIE, \u201ces un conjunto de recursos y apoyo, que se implementa en establecimientos educacionales, para favorecer la permanencia, la participaci\u00f3n y los aprendizajes de los estudiantes con Necesidades Educativas Especiales\u201d. Nuestro colegio cuenta con una red de profesionales capacitados para apoyar a nuestros estudiantes con NEE [&hellip;]<\/p>\n","protected":false},"author":1,"featured_media":0,"parent":0,"menu_order":0,"comment_status":"closed","ping_status":"closed","template":"","meta":{"footnotes":""},"class_list":["post-537","page","type-page","status-publish","hentry"],"_links":{"self":[{"href":"https:\/\/cedin.tisolucion.cl\/colegio-coquimbo\/wp-json\/wp\/v2\/pages\/537","targetHints":{"allow":["GET"]}}],"collection":[{"href":"https:\/\/cedin.tisolucion.cl\/colegio-coquimbo\/wp-json\/wp\/v2\/pages"}],"about":[{"href":"https:\/\/cedin.tisolucion.cl\/colegio-coquimbo\/wp-json\/wp\/v2\/types\/page"}],"author":[{"embeddable":true,"href":"https:\/\/cedin.tisolucion.cl\/colegio-coquimbo\/wp-json\/wp\/v2\/users\/1"}],"replies":[{"embeddable":true,"href":"https:\/\/cedin.tisolucion.cl\/colegio-coquimbo\/wp-json\/wp\/v2\/comments?post=537"}],"version-history":[{"count":4,"href":"https:\/\/cedin.tisolucion.cl\/colegio-coquimbo\/wp-json\/wp\/v2\/pages\/537\/revisions"}],"predecessor-version":[{"id":677,"href":"https:\/\/cedin.tisolucion.cl\/colegio-coquimbo\/wp-json\/wp\/v2\/pages\/537\/revisions\/677"}],"wp:attachment":[{"href":"https:\/\/cedin.tisolucion.cl\/colegio-coquimbo\/wp-json\/wp\/v2\/media?parent=537"}],"curies":[{"name":"wp","href":"https:\/\/api.w.org\/{rel}","templated":true}]}}