{"id":653,"date":"2024-05-15T23:33:25","date_gmt":"2024-05-16T02:33:25","guid":{"rendered":"https:\/\/cedin.tisolucion.cl\/colegio-coquimbo\/?page_id=653"},"modified":"2024-05-15T23:55:02","modified_gmt":"2024-05-16T02:55:02","slug":"actividades-aeb","status":"publish","type":"page","link":"https:\/\/cedin.tisolucion.cl\/colegio-coquimbo\/actividades-aeb\/","title":{"rendered":"Actividades Educaci\u00f3n General B\u00e1sica"},"content":{"rendered":"\n<div class=\"wp-block-group alignfull has-global-padding is-layout-constrained wp-block-group-is-layout-constrained\" style=\"margin-top:0px\">\n<div style=\"margin-top:0;margin-bottom:0;height:54px\" aria-hidden=\"true\" class=\"wp-block-spacer\"><\/div>\n<\/div>\n\n\n\n<div class=\"wp-block-query is-layout-flow wp-block-query-is-layout-flow\"><ul class=\"columns-3 wp-block-post-template is-layout-grid wp-container-core-post-template-is-layout-6d3fbd8f wp-block-post-template-is-layout-grid\"><li class=\"wp-block-post post-650 post type-post status-publish format-standard has-post-thumbnail hentry category-actividad-basica\">\n\n<div class=\"wp-block-columns is-layout-flex wp-container-core-columns-is-layout-28f84493 wp-block-columns-is-layout-flex\">\n<div class=\"wp-block-column is-layout-flow wp-block-column-is-layout-flow\" style=\"flex-basis:100%\">\n<div class=\"wp-block-group has-global-padding is-layout-constrained wp-block-group-is-layout-constrained\"><figure style=\"aspect-ratio:4\/3;\" class=\"wp-block-post-featured-image\"><a href=\"https:\/\/cedin.tisolucion.cl\/colegio-coquimbo\/2024\/05\/15\/huerto-escolar-2\/\" target=\"_self\"  ><img loading=\"lazy\" decoding=\"async\" width=\"960\" height=\"1280\" src=\"https:\/\/cedin.tisolucion.cl\/colegio-coquimbo\/wp-content\/uploads\/sites\/3\/2024\/05\/WhatsApp-Image-2024-04-17-at-16.18.54.jpeg\" class=\"attachment-post-thumbnail size-post-thumbnail wp-post-image\" alt=\"Laboratorio de Ciencias\" style=\"border-radius:15px;width:100%;height:100%;object-fit:cover;\" srcset=\"https:\/\/cedin.tisolucion.cl\/colegio-coquimbo\/wp-content\/uploads\/sites\/3\/2024\/05\/WhatsApp-Image-2024-04-17-at-16.18.54.jpeg 960w, https:\/\/cedin.tisolucion.cl\/colegio-coquimbo\/wp-content\/uploads\/sites\/3\/2024\/05\/WhatsApp-Image-2024-04-17-at-16.18.54-225x300.jpeg 225w, https:\/\/cedin.tisolucion.cl\/colegio-coquimbo\/wp-content\/uploads\/sites\/3\/2024\/05\/WhatsApp-Image-2024-04-17-at-16.18.54-768x1024.jpeg 768w\" sizes=\"auto, (max-width: 960px) 100vw, 960px\" \/><\/a><\/figure><\/div>\n<\/div>\n<\/div>\n\n\n<h2 class=\"wp-block-post-title has-medium-font-size\">Laboratorio de Ciencias<\/h2>\n\n<div class=\"wp-block-post-date__modified-date wp-block-post-date\"><time datetime=\"2024-05-15T23:36:16-04:00\">Mayo 15, 2024<\/time><\/div>\n\n<div class=\"wp-block-post-excerpt\"><p class=\"wp-block-post-excerpt__excerpt\">En el laboratorio de Ciencias de nuestro colegio se trabaja para entregar experiencias de aprendizaje pr\u00e1cticas y relevantes donde cada estudiante tenga una participaci\u00f3n activa en su desarrollo, despertando para ello su curiosidad, esp\u00edritu investigativo, pensamiento cr\u00edtico y colaboraci\u00f3n entre estudiantes. Cada actividad se planifica cuidadosamente aline\u00e1ndolas con los objetivos de aprendizaje de cada plan&hellip; <\/p><\/div>\n<\/li><\/ul>\n\n\n\n<\/div>\n\n\n\n<p><\/p>\n","protected":false},"excerpt":{"rendered":"","protected":false},"author":1,"featured_media":0,"parent":0,"menu_order":0,"comment_status":"closed","ping_status":"closed","template":"","meta":{"footnotes":""},"class_list":["post-653","page","type-page","status-publish","hentry"],"_links":{"self":[{"href":"https:\/\/cedin.tisolucion.cl\/colegio-coquimbo\/wp-json\/wp\/v2\/pages\/653","targetHints":{"allow":["GET"]}}],"collection":[{"href":"https:\/\/cedin.tisolucion.cl\/colegio-coquimbo\/wp-json\/wp\/v2\/pages"}],"about":[{"href":"https:\/\/cedin.tisolucion.cl\/colegio-coquimbo\/wp-json\/wp\/v2\/types\/page"}],"author":[{"embeddable":true,"href":"https:\/\/cedin.tisolucion.cl\/colegio-coquimbo\/wp-json\/wp\/v2\/users\/1"}],"replies":[{"embeddable":true,"href":"https:\/\/cedin.tisolucion.cl\/colegio-coquimbo\/wp-json\/wp\/v2\/comments?post=653"}],"version-history":[{"count":2,"href":"https:\/\/cedin.tisolucion.cl\/colegio-coquimbo\/wp-json\/wp\/v2\/pages\/653\/revisions"}],"predecessor-version":[{"id":659,"href":"https:\/\/cedin.tisolucion.cl\/colegio-coquimbo\/wp-json\/wp\/v2\/pages\/653\/revisions\/659"}],"wp:attachment":[{"href":"https:\/\/cedin.tisolucion.cl\/colegio-coquimbo\/wp-json\/wp\/v2\/media?parent=653"}],"curies":[{"name":"wp","href":"https:\/\/api.w.org\/{rel}","templated":true}]}}