{"id":92,"date":"2024-03-04T22:44:34","date_gmt":"2024-03-05T01:44:34","guid":{"rendered":"https:\/\/cedin.tisolucion.cl\/colegio-coquimbo\/?page_id=92"},"modified":"2024-05-16T22:53:03","modified_gmt":"2024-05-17T01:53:03","slug":"noticias","status":"publish","type":"page","link":"https:\/\/cedin.tisolucion.cl\/colegio-coquimbo\/noticias\/","title":{"rendered":"Actividades y Noticias Coquimbo"},"content":{"rendered":"\n<div class=\"wp-block-query is-layout-flow wp-block-query-is-layout-flow\"><ul class=\"columns-3 wp-block-post-template is-layout-grid wp-container-core-post-template-is-layout-6d3fbd8f wp-block-post-template-is-layout-grid\"><li class=\"wp-block-post post-1123 post type-post status-publish format-standard has-post-thumbnail hentry category-noticias category-noticias-central\">\n\n<div class=\"wp-block-columns is-layout-flex wp-container-core-columns-is-layout-28f84493 wp-block-columns-is-layout-flex\">\n<div class=\"wp-block-column is-layout-flow wp-block-column-is-layout-flow\" style=\"flex-basis:100%\"><figure style=\"aspect-ratio:4\/3; margin-top:0;margin-bottom:0;\" class=\"wp-block-post-featured-image\"><a href=\"https:\/\/cedin.tisolucion.cl\/colegio-coquimbo\/2024\/10\/17\/feria-intercultural-cedin\/\" target=\"_self\"  ><img loading=\"lazy\" decoding=\"async\" width=\"1008\" height=\"756\" src=\"https:\/\/cedin.tisolucion.cl\/colegio-coquimbo\/wp-content\/uploads\/sites\/3\/2024\/10\/IMG_9504.jpg\" class=\"attachment-post-thumbnail size-post-thumbnail wp-post-image\" alt=\"Feria Intercultural CEDIN\" style=\"border-radius:9px;width:100%;height:100%;object-fit:cover;\" srcset=\"https:\/\/cedin.tisolucion.cl\/colegio-coquimbo\/wp-content\/uploads\/sites\/3\/2024\/10\/IMG_9504.jpg 1008w, https:\/\/cedin.tisolucion.cl\/colegio-coquimbo\/wp-content\/uploads\/sites\/3\/2024\/10\/IMG_9504-300x225.jpg 300w, https:\/\/cedin.tisolucion.cl\/colegio-coquimbo\/wp-content\/uploads\/sites\/3\/2024\/10\/IMG_9504-768x576.jpg 768w\" sizes=\"auto, (max-width: 1008px) 100vw, 1008px\" \/><\/a><\/figure><\/div>\n<\/div>\n\n\n<h2 class=\"wp-block-post-title has-medium-font-size\">Feria Intercultural CEDIN<\/h2>\n\n<div class=\"has-text-align-left wp-block-post-date\"><time datetime=\"2024-10-17T08:26:55-03:00\">Octubre 17, 2024<\/time><\/div>\n\n<div class=\"wp-block-post-excerpt\"><p class=\"wp-block-post-excerpt__excerpt\">Nuestro colegio CEDIN Coquimbo se visti\u00f3 de fiesta este viernes 4 de octubre para la esperada \u201cFeria Intercultural\u201d Esta actividad organizada porel centro de padres intenta por primera vez celebrar la riqueza y diversidad cultural de nuestra comunidad educativa. Cada curso se luci\u00f3 presentando sustand de comida tradicional deleitando a los presentes con un variado&hellip; <\/p><\/div>\n<\/li><li class=\"wp-block-post post-978 post type-post status-publish format-standard has-post-thumbnail hentry category-actividades\">\n\n<div class=\"wp-block-columns is-layout-flex wp-container-core-columns-is-layout-28f84493 wp-block-columns-is-layout-flex\">\n<div class=\"wp-block-column is-layout-flow wp-block-column-is-layout-flow\" style=\"flex-basis:100%\"><figure style=\"aspect-ratio:4\/3; margin-top:0;margin-bottom:0;\" class=\"wp-block-post-featured-image\"><a href=\"https:\/\/cedin.tisolucion.cl\/colegio-coquimbo\/2024\/09\/08\/dia-de-la-ninez\/\" target=\"_self\"  ><img loading=\"lazy\" decoding=\"async\" width=\"1152\" height=\"864\" src=\"https:\/\/cedin.tisolucion.cl\/colegio-coquimbo\/wp-content\/uploads\/sites\/3\/2024\/08\/DSCN6975.jpg\" class=\"attachment-post-thumbnail size-post-thumbnail wp-post-image\" alt=\"D\u00eda de la Ni\u00f1ez\" style=\"border-radius:9px;width:100%;height:100%;object-fit:cover;\" srcset=\"https:\/\/cedin.tisolucion.cl\/colegio-coquimbo\/wp-content\/uploads\/sites\/3\/2024\/08\/DSCN6975.jpg 1152w, https:\/\/cedin.tisolucion.cl\/colegio-coquimbo\/wp-content\/uploads\/sites\/3\/2024\/08\/DSCN6975-300x225.jpg 300w, https:\/\/cedin.tisolucion.cl\/colegio-coquimbo\/wp-content\/uploads\/sites\/3\/2024\/08\/DSCN6975-1024x768.jpg 1024w, https:\/\/cedin.tisolucion.cl\/colegio-coquimbo\/wp-content\/uploads\/sites\/3\/2024\/08\/DSCN6975-768x576.jpg 768w\" sizes=\"auto, (max-width: 1152px) 100vw, 1152px\" \/><\/a><\/figure><\/div>\n<\/div>\n\n\n<h2 class=\"wp-block-post-title has-medium-font-size\">D\u00eda de la Ni\u00f1ez<\/h2>\n\n<div class=\"has-text-align-left wp-block-post-date\"><time datetime=\"2024-09-08T23:57:13-03:00\">Septiembre 8, 2024<\/time><\/div>\n\n<div class=\"wp-block-post-excerpt\"><p class=\"wp-block-post-excerpt__excerpt\">D\u00eda de la Ni\u00f1ez El pasado viernes 9 de agosto, nuestro colegio se llen\u00f3 de alegr\u00eda y color para celebrar el D\u00eda de la Ni\u00f1ez. La jornada estuvo repleta de actividades que hicieron las delicias de los m\u00e1s peque\u00f1os. La jornada comenz\u00f3 con un desayuno para todos los ni\u00f1os, quienes disfrutaron este momento compartiendo con&hellip; <\/p><\/div>\n<\/li><li class=\"wp-block-post post-972 post type-post status-publish format-standard has-post-thumbnail hentry category-noticias-central\">\n\n<div class=\"wp-block-columns is-layout-flex wp-container-core-columns-is-layout-28f84493 wp-block-columns-is-layout-flex\">\n<div class=\"wp-block-column is-layout-flow wp-block-column-is-layout-flow\" style=\"flex-basis:100%\"><figure style=\"aspect-ratio:4\/3; margin-top:0;margin-bottom:0;\" class=\"wp-block-post-featured-image\"><a href=\"https:\/\/cedin.tisolucion.cl\/colegio-coquimbo\/2024\/09\/08\/corrida-familiar\/\" target=\"_self\"  ><img loading=\"lazy\" decoding=\"async\" width=\"1296\" height=\"864\" src=\"https:\/\/cedin.tisolucion.cl\/colegio-coquimbo\/wp-content\/uploads\/sites\/3\/2024\/08\/IMG_6651.jpg\" class=\"attachment-post-thumbnail size-post-thumbnail wp-post-image\" alt=\"Corrida Familiar\" style=\"border-radius:9px;width:100%;height:100%;object-fit:cover;\" srcset=\"https:\/\/cedin.tisolucion.cl\/colegio-coquimbo\/wp-content\/uploads\/sites\/3\/2024\/08\/IMG_6651.jpg 1296w, https:\/\/cedin.tisolucion.cl\/colegio-coquimbo\/wp-content\/uploads\/sites\/3\/2024\/08\/IMG_6651-300x200.jpg 300w, https:\/\/cedin.tisolucion.cl\/colegio-coquimbo\/wp-content\/uploads\/sites\/3\/2024\/08\/IMG_6651-1024x683.jpg 1024w, https:\/\/cedin.tisolucion.cl\/colegio-coquimbo\/wp-content\/uploads\/sites\/3\/2024\/08\/IMG_6651-768x512.jpg 768w\" sizes=\"auto, (max-width: 1296px) 100vw, 1296px\" \/><\/a><\/figure><\/div>\n<\/div>\n\n\n<h2 class=\"wp-block-post-title has-medium-font-size\">Corrida Familiar<\/h2>\n\n<div class=\"has-text-align-left wp-block-post-date\"><time datetime=\"2024-09-08T23:40:30-03:00\">Septiembre 8, 2024<\/time><\/div>\n\n<div class=\"wp-block-post-excerpt\"><p class=\"wp-block-post-excerpt__excerpt\">Corrida Familiar CEDIN coquimbo 2024 Este mi\u00e9rcoles 31 de julio, nuestro colegio CEDIN Coquimbo fue el escenario de una emocionante corrida familiar, donde Ni\u00f1os, ni\u00f1as y j\u00f3venes de las \u00e1reas de educaci\u00f3n b\u00e1sica, d\u00e9ficit intelectual y lenguaje se unieron a sus padres y apoderados para participar en esta actividad llena de energ\u00eda y camarader\u00eda. La&hellip; <\/p><\/div>\n<\/li><\/ul>\n\n<nav class=\"has-link-color wp-elements-861ef141d0eb3c8daea6a6a18cb7abd1 wp-block-query-pagination has-text-color has-header-footer-color is-layout-flex wp-block-query-pagination-is-layout-flex\" aria-label=\"Paginaci\u00f3n\">\n\n\n<div class=\"wp-block-query-pagination-numbers\"><span aria-current=\"page\" class=\"page-numbers current\">1<\/span>\n<a class=\"page-numbers\" href=\"?query-0-page=2\">2<\/a>\n<a class=\"page-numbers\" href=\"?query-0-page=3\">3<\/a>\n<span class=\"page-numbers dots\">&hellip;<\/span>\n<a class=\"page-numbers\" href=\"?query-0-page=5\">5<\/a><\/div>\n\n<a href=\"\/colegio-coquimbo\/wp-json\/wp\/v2\/pages\/92?query-0-page=2\" class=\"wp-block-query-pagination-next\">P\u00e1gina siguiente<\/a>\n<\/nav>\n\n<\/div>\n","protected":false},"excerpt":{"rendered":"","protected":false},"author":1,"featured_media":0,"parent":0,"menu_order":0,"comment_status":"closed","ping_status":"closed","template":"","meta":{"footnotes":""},"class_list":["post-92","page","type-page","status-publish","hentry"],"_links":{"self":[{"href":"https:\/\/cedin.tisolucion.cl\/colegio-coquimbo\/wp-json\/wp\/v2\/pages\/92","targetHints":{"allow":["GET"]}}],"collection":[{"href":"https:\/\/cedin.tisolucion.cl\/colegio-coquimbo\/wp-json\/wp\/v2\/pages"}],"about":[{"href":"https:\/\/cedin.tisolucion.cl\/colegio-coquimbo\/wp-json\/wp\/v2\/types\/page"}],"author":[{"embeddable":true,"href":"https:\/\/cedin.tisolucion.cl\/colegio-coquimbo\/wp-json\/wp\/v2\/users\/1"}],"replies":[{"embeddable":true,"href":"https:\/\/cedin.tisolucion.cl\/colegio-coquimbo\/wp-json\/wp\/v2\/comments?post=92"}],"version-history":[{"count":5,"href":"https:\/\/cedin.tisolucion.cl\/colegio-coquimbo\/wp-json\/wp\/v2\/pages\/92\/revisions"}],"predecessor-version":[{"id":669,"href":"https:\/\/cedin.tisolucion.cl\/colegio-coquimbo\/wp-json\/wp\/v2\/pages\/92\/revisions\/669"}],"wp:attachment":[{"href":"https:\/\/cedin.tisolucion.cl\/colegio-coquimbo\/wp-json\/wp\/v2\/media?parent=92"}],"curies":[{"name":"wp","href":"https:\/\/api.w.org\/{rel}","templated":true}]}}