{"id":968,"date":"2024-09-08T23:35:45","date_gmt":"2024-09-09T02:35:45","guid":{"rendered":"https:\/\/cedin.tisolucion.cl\/colegio-coquimbo\/?page_id=968"},"modified":"2024-09-08T23:37:02","modified_gmt":"2024-09-09T02:37:02","slug":"aniversario-43-anos-de-historia","status":"publish","type":"page","link":"https:\/\/cedin.tisolucion.cl\/colegio-coquimbo\/aniversario-43-anos-de-historia\/","title":{"rendered":"Aniversario 43 a\u00f1os de Historia"},"content":{"rendered":"\n<h2 class=\"wp-block-heading\">Celebrando nuestro Compromiso con la Educaci\u00f3n de todos.<\/h2>\n\n\n\n<p><\/p>\n\n\n\n<p><strong>&nbsp; <\/strong><strong>Durante el mes de Julio nuestro colegio a desarrollado m\u00faltiples actividades para celebrar el aniversario N\u00b0 43 de nuestra instituci\u00f3n educativa, en cada una de ellas nuestros estudiantes han sido el centro y han participado activamente con entusiasmo y dedicaci\u00f3n.<\/strong><\/p>\n\n\n\n<p>El&nbsp;<strong>Centro de Estudios y Desarrollo Integral del Ni\u00f1o (CEDIN)<\/strong><strong>,<\/strong> con sus or\u00edgenes en la d\u00e9cada del setenta, ha dejado una huella significativa en la educaci\u00f3n de Coquimbo. Fundado por un equipo visionario de especialistas, el CEDIN comenz\u00f3 su importante labor en Santiago, expandi\u00e9ndose posteriormente a otras ciudades como La Serena, Coquimbo y Tierras Blancas.<\/p>\n\n\n\n<p>Durante estos 43 a\u00f1os, el CEDIN ha sido un faro de apoyo para ni\u00f1os y ni\u00f1as con diversas necesidades educativas. Su misi\u00f3n principal ha sido proporcionar una atenci\u00f3n escolar pertinente y necesaria, adapt\u00e1ndose a las particularidades de cada estudiante. Desde la ense\u00f1anza pre-b\u00e1sica en el \u00e1rea de lenguaje, educaci\u00f3n b\u00e1sica y d\u00e9ficit intelectual el CEDIN ha cultivado un ambiente integrador, motivador y no excluyente.<\/p>\n\n\n\n<p>En Coquimbo, nuestro colegio CEDIN ha sido un espacio donde los ni\u00f1os han dejado plasmada su historia. Cada logro, cada desaf\u00edo superado, ha contribuido a la rica trayectoria de nuestra instituci\u00f3n. Los valores de perseverancia, amistad y vida saludable han sido pilares fundamentales en la formaci\u00f3n de nuestros estudiantes.<\/p>\n\n\n\n<p>Agradecemos a la comunidad educativa, a los padres, profesores y a todos aquellos que han sido parte de esta historia. Su compromiso con la educaci\u00f3n b\u00e1sica y especial ha sido inspirador y transformador.&nbsp;<strong><\/strong><\/p>\n\n\n\n<p><\/p>\n","protected":false},"excerpt":{"rendered":"<p>Celebrando nuestro Compromiso con la Educaci\u00f3n de todos. &nbsp; Durante el mes de Julio nuestro colegio a desarrollado m\u00faltiples actividades para celebrar el aniversario N\u00b0 43 de nuestra instituci\u00f3n educativa, en cada una de ellas nuestros estudiantes han sido el centro y han participado activamente con entusiasmo y dedicaci\u00f3n. El&nbsp;Centro de Estudios y Desarrollo Integral [&hellip;]<\/p>\n","protected":false},"author":1,"featured_media":0,"parent":0,"menu_order":0,"comment_status":"closed","ping_status":"closed","template":"","meta":{"footnotes":""},"class_list":["post-968","page","type-page","status-publish","hentry"],"_links":{"self":[{"href":"https:\/\/cedin.tisolucion.cl\/colegio-coquimbo\/wp-json\/wp\/v2\/pages\/968","targetHints":{"allow":["GET"]}}],"collection":[{"href":"https:\/\/cedin.tisolucion.cl\/colegio-coquimbo\/wp-json\/wp\/v2\/pages"}],"about":[{"href":"https:\/\/cedin.tisolucion.cl\/colegio-coquimbo\/wp-json\/wp\/v2\/types\/page"}],"author":[{"embeddable":true,"href":"https:\/\/cedin.tisolucion.cl\/colegio-coquimbo\/wp-json\/wp\/v2\/users\/1"}],"replies":[{"embeddable":true,"href":"https:\/\/cedin.tisolucion.cl\/colegio-coquimbo\/wp-json\/wp\/v2\/comments?post=968"}],"version-history":[{"count":3,"href":"https:\/\/cedin.tisolucion.cl\/colegio-coquimbo\/wp-json\/wp\/v2\/pages\/968\/revisions"}],"predecessor-version":[{"id":971,"href":"https:\/\/cedin.tisolucion.cl\/colegio-coquimbo\/wp-json\/wp\/v2\/pages\/968\/revisions\/971"}],"wp:attachment":[{"href":"https:\/\/cedin.tisolucion.cl\/colegio-coquimbo\/wp-json\/wp\/v2\/media?parent=968"}],"curies":[{"name":"wp","href":"https:\/\/api.w.org\/{rel}","templated":true}]}}