{"id":126,"date":"2024-10-07T09:13:57","date_gmt":"2024-10-07T12:13:57","guid":{"rendered":"https:\/\/cedin.tisolucion.cl\/colegio-tierras-blancas\/?page_id=126"},"modified":"2024-10-16T12:21:55","modified_gmt":"2024-10-16T15:21:55","slug":"horario-de-atencion-tras-esp-lenguaje","status":"publish","type":"page","link":"https:\/\/cedin.tisolucion.cl\/colegio-tierras-blancas\/horario-de-atencion-tras-esp-lenguaje\/","title":{"rendered":"Horario de atenci\u00f3n de \u00e1rea Trastorno espec\u00edfico del lenguaje"},"content":{"rendered":"\n<main class=\"wp-block-group alignfull site-content has-black-primary-gradient-background has-background has-global-padding is-layout-constrained wp-block-group-is-layout-constrained\" id=\"links-4col\" style=\"margin-top:0;padding-top:80px;padding-bottom:80px\">\n<h3 class=\"wp-block-heading has-text-align-center has-header-footer-color has-text-color\"><strong>HORARIO DE ATENCI\u00d3N DE PADRES Y APODERADOS<\/strong><\/h3>\n\n\n\n<p class=\"has-text-align-center\"><strong>\u00c1REA TRASTORNO ESPEC\u00cdFICO DEL LENGUAJE<\/strong> <strong>A\u00d1O ACAD\u00c9MICO 2024<\/strong><\/p>\n\n\n\n<div style=\"height:60px\" aria-hidden=\"true\" class=\"wp-block-spacer\"><\/div>\n\n\n\n<figure class=\"wp-block-table is-style-stripes\"><table style=\"border-style:none;border-width:0px\"><thead><tr><th>NOMBRE DOCENTE<\/th><th class=\"has-text-align-center\" data-align=\"center\">CURSO \/ ASIGNATURA<\/th><th class=\"has-text-align-center\" data-align=\"center\">HORARIO<\/th><\/tr><\/thead><tbody><tr><td>RUTH ELGUETA<\/td><td class=\"has-text-align-center\" data-align=\"center\">MEDIO MAYOR A<\/td><td class=\"has-text-align-center\" data-align=\"center\">LUNES de 09:15 A 10:00<\/td><\/tr><tr><td>VICTORIA NEGRETE<\/td><td class=\"has-text-align-center\" data-align=\"center\">MEDIO MAYOR B<\/td><td class=\"has-text-align-center\" data-align=\"center\">LUNES de 13:30 A 14:30<\/td><\/tr><tr><td>PAOLA LEMUS<\/td><td class=\"has-text-align-center\" data-align=\"center\">PRE K\u00cdNDER A<\/td><td class=\"has-text-align-center\" data-align=\"center\">LUNES de 10:15 A 11:00<\/td><\/tr><tr><td>PATRICIA N\u00da\u00d1EZ<\/td><td class=\"has-text-align-center\" data-align=\"center\">K\u00cdNDER A<\/td><td class=\"has-text-align-center\" data-align=\"center\">JUEVES de 10:30 A 11:15<\/td><\/tr><tr><td>KATIA ROMERO<\/td><td class=\"has-text-align-center\" data-align=\"center\">K\u00cdNDER B<\/td><td class=\"has-text-align-center\" data-align=\"center\">LUNES de 14:15 A 15:00<\/td><\/tr><tr><td><\/td><td class=\"has-text-align-center\" data-align=\"center\"><\/td><td class=\"has-text-align-center\" data-align=\"center\"><\/td><\/tr><\/tbody><\/table><figcaption class=\"wp-element-caption\">Horarios de atenci\u00f3n disponibles para el a\u00f1o 2024<\/figcaption><\/figure>\n\n\n\n<p class=\"has-text-align-center\"><strong>KATIA ROMERO BORDONES<\/strong><\/p>\n\n\n\n<p class=\"has-text-align-center\"><strong>JEFE UNIDAD T\u00c9CNICA PEDAG\u00d3GICA<\/strong><\/p>\n\n\n\n<p class=\"has-text-align-center\"><strong><strong>TRASTORNO ESPEC\u00cdFICO DEL LENGUAJE<\/strong><\/strong><\/p>\n\n\n\n<p class=\"has-text-align-center\"><strong>COLEGIO Tierras Blancas<\/strong><\/p>\n\n\n\n<p class=\"has-text-align-center\"><strong>COQUIMBO<\/strong><\/p>\n\n\n\n<div class=\"wp-block-file aligncenter\"><a id=\"wp-block-file--media-3e62bf1b-5e67-4a68-b4ac-19bd0afdbbdc\" href=\"https:\/\/cedin.tisolucion.cl\/colegio-tierras-blancas\/wp-content\/uploads\/sites\/5\/2024\/10\/Atencion_Tras_Esp_del_Lenguaje_2024.pdf\">Atenci\u00f3n_Tras_Esp_del_Lenguaje_2024<\/a><a href=\"https:\/\/cedin.tisolucion.cl\/colegio-tierras-blancas\/wp-content\/uploads\/sites\/5\/2024\/10\/Atencion_Tras_Esp_del_Lenguaje_2024.pdf\" class=\"wp-block-file__button wp-element-button\" download aria-describedby=\"wp-block-file--media-3e62bf1b-5e67-4a68-b4ac-19bd0afdbbdc\">Descargar<\/a><\/div>\n<\/main>\n\n\n\n<main class=\"wp-block-group alignfull site-content has-primary-background-color has-background has-global-padding is-layout-constrained wp-block-group-is-layout-constrained\" id=\"links-4col\" style=\"margin-top:0;padding-top:80px;padding-bottom:80px\">\n<h3 class=\"wp-block-heading has-text-align-center has-white-color has-text-color\">Horario Atenci\u00f3n<\/h3>\n\n\n\n<div style=\"height:60px\" aria-hidden=\"true\" class=\"wp-block-spacer\"><\/div>\n\n\n\n<div class=\"wp-block-columns is-layout-flex wp-container-core-columns-is-layout-28f84493 wp-block-columns-is-layout-flex\">\n<div class=\"wp-block-column is-vertically-aligned-center is-style-round-corners has-header-footer-background-color has-background is-layout-flow wp-block-column-is-layout-flow\" style=\"padding-top:80px;padding-right:var(--wp--preset--spacing--medium);padding-bottom:80px;padding-left:var(--wp--preset--spacing--medium)\">\n<div class=\"wp-block-outermost-icon-block items-justified-center\"><a class=\"icon-container\" href=\"https:\/\/cedin.tisolucion.cl\/colegio-tierras-blancas\/horario-de-atencion-de-area-deficit-cognitivo\/\" style=\"width:48px\"><svg width=\"64\" height=\"58\" viewBox=\"0 0 64 58\" fill=\"none\" xmlns=\"http:\/\/www.w3.org\/2000\/svg\"><path d=\"M64 0L58.656 5.344L53.344 0L48 5.344L42.656 0L37.344 5.344L32 0L26.656 5.344L21.344 0L16 5.344L10.656 0L5.344 5.344L0 0V51.2C0 54.72 2.88 57.6 6.4 57.6H57.6C61.12 57.6 64 54.72 64 51.2V0ZM28.8 51.2H6.4V32H28.8V51.2ZM57.6 51.2H35.2V44.8H57.6V51.2ZM57.6 38.4H35.2V32H57.6V38.4ZM57.6 25.6H6.4V16H57.6V25.6Z\" fill=\"var(--wp--preset--color--secondary)\"><\/path><\/svg><\/a><\/div>\n\n\n\n<h4 class=\"wp-block-heading has-text-align-center has-primary-color has-text-color has-small-font-size\"><a href=\"https:\/\/cedin.tisolucion.cl\/colegio-tierras-blancas\/horario-de-atencion-de-area-deficit-cognitivo\/\" data-type=\"page\" data-id=\"105\">\u00c1REA D\u00c9FICIT COGNITIVO<\/a><\/h4>\n<\/div>\n\n\n\n<div class=\"wp-block-column is-vertically-aligned-center is-style-round-corners has-secondary-background-color has-background is-layout-flow wp-block-column-is-layout-flow\" style=\"padding-top:80px;padding-right:var(--wp--preset--spacing--medium);padding-bottom:80px;padding-left:var(--wp--preset--spacing--medium)\">\n<div class=\"wp-block-outermost-icon-block items-justified-center\"><div class=\"icon-container\" style=\"width:48px\"><svg width=\"64\" height=\"58\" viewBox=\"0 0 64 58\" fill=\"none\" xmlns=\"http:\/\/www.w3.org\/2000\/svg\"><path d=\"M64 0L58.656 5.344L53.344 0L48 5.344L42.656 0L37.344 5.344L32 0L26.656 5.344L21.344 0L16 5.344L10.656 0L5.344 5.344L0 0V51.2C0 54.72 2.88 57.6 6.4 57.6H57.6C61.12 57.6 64 54.72 64 51.2V0ZM28.8 51.2H6.4V32H28.8V51.2ZM57.6 51.2H35.2V44.8H57.6V51.2ZM57.6 38.4H35.2V32H57.6V38.4ZM57.6 25.6H6.4V16H57.6V25.6Z\" fill=\"var(--wp--preset--color--secondary)\"><\/path><\/svg><\/div><\/div>\n\n\n\n<h4 class=\"wp-block-heading has-text-align-center has-primary-color has-text-color has-small-font-size\">\u00c1REA TRASTORNO ESP. DEL LENGUAJE<\/h4>\n<\/div>\n<\/div>\n\n\n\n<p><\/p>\n\n\n\n<p><\/p>\n\n\n\n<p><\/p>\n\n\n\n<p><\/p>\n\n\n\n<p><\/p>\n<\/main>\n","protected":false},"excerpt":{"rendered":"<p>HORARIO DE ATENCI\u00d3N DE PADRES Y APODERADOS \u00c1REA TRASTORNO ESPEC\u00cdFICO DEL LENGUAJE A\u00d1O ACAD\u00c9MICO 2024 NOMBRE DOCENTE CURSO \/ ASIGNATURA HORARIO RUTH ELGUETA MEDIO MAYOR A LUNES de 09:15 A 10:00 VICTORIA NEGRETE MEDIO MAYOR B LUNES de 13:30 A 14:30 PAOLA LEMUS PRE K\u00cdNDER A LUNES de 10:15 A 11:00 PATRICIA N\u00da\u00d1EZ K\u00cdNDER A [&hellip;]<\/p>\n","protected":false},"author":1,"featured_media":0,"parent":0,"menu_order":0,"comment_status":"closed","ping_status":"closed","template":"","meta":{"footnotes":""},"class_list":["post-126","page","type-page","status-publish","hentry"],"_links":{"self":[{"href":"https:\/\/cedin.tisolucion.cl\/colegio-tierras-blancas\/wp-json\/wp\/v2\/pages\/126","targetHints":{"allow":["GET"]}}],"collection":[{"href":"https:\/\/cedin.tisolucion.cl\/colegio-tierras-blancas\/wp-json\/wp\/v2\/pages"}],"about":[{"href":"https:\/\/cedin.tisolucion.cl\/colegio-tierras-blancas\/wp-json\/wp\/v2\/types\/page"}],"author":[{"embeddable":true,"href":"https:\/\/cedin.tisolucion.cl\/colegio-tierras-blancas\/wp-json\/wp\/v2\/users\/1"}],"replies":[{"embeddable":true,"href":"https:\/\/cedin.tisolucion.cl\/colegio-tierras-blancas\/wp-json\/wp\/v2\/comments?post=126"}],"version-history":[{"count":6,"href":"https:\/\/cedin.tisolucion.cl\/colegio-tierras-blancas\/wp-json\/wp\/v2\/pages\/126\/revisions"}],"predecessor-version":[{"id":243,"href":"https:\/\/cedin.tisolucion.cl\/colegio-tierras-blancas\/wp-json\/wp\/v2\/pages\/126\/revisions\/243"}],"wp:attachment":[{"href":"https:\/\/cedin.tisolucion.cl\/colegio-tierras-blancas\/wp-json\/wp\/v2\/media?parent=126"}],"curies":[{"name":"wp","href":"https:\/\/api.w.org\/{rel}","templated":true}]}}