{"id":183,"date":"2024-10-14T15:44:23","date_gmt":"2024-10-14T18:44:23","guid":{"rendered":"https:\/\/cedin.tisolucion.cl\/colegio-tierras-blancas\/?page_id=183"},"modified":"2024-10-14T16:12:45","modified_gmt":"2024-10-14T19:12:45","slug":"actividades-y-noticias","status":"publish","type":"page","link":"https:\/\/cedin.tisolucion.cl\/colegio-tierras-blancas\/actividades-y-noticias\/","title":{"rendered":"Actividades y Noticias"},"content":{"rendered":"\n<div class=\"wp-block-query is-layout-flow wp-block-query-is-layout-flow\"><ul class=\"columns-3 wp-block-post-template is-layout-grid wp-container-core-post-template-is-layout-6d3fbd8f wp-block-post-template-is-layout-grid\"><li class=\"wp-block-post post-226 post type-post status-publish format-standard has-post-thumbnail hentry category-noticias category-noticias-central\">\n<figure style=\"aspect-ratio:4\/3;\" class=\"wp-block-post-featured-image\"><a href=\"https:\/\/cedin.tisolucion.cl\/colegio-tierras-blancas\/2024\/10\/16\/un-gran-reconocmiento-2024\/\" target=\"_self\"  ><img loading=\"lazy\" decoding=\"async\" width=\"1040\" height=\"780\" src=\"https:\/\/cedin.tisolucion.cl\/colegio-tierras-blancas\/wp-content\/uploads\/sites\/5\/2024\/10\/IMG_20241014_111100.jpg\" class=\"attachment-post-thumbnail size-post-thumbnail wp-post-image\" alt=\"Un Gran Reconocimiento\" style=\"border-radius:15px;width:100%;height:100%;object-fit:cover;\" srcset=\"https:\/\/cedin.tisolucion.cl\/colegio-tierras-blancas\/wp-content\/uploads\/sites\/5\/2024\/10\/IMG_20241014_111100.jpg 1040w, https:\/\/cedin.tisolucion.cl\/colegio-tierras-blancas\/wp-content\/uploads\/sites\/5\/2024\/10\/IMG_20241014_111100-300x225.jpg 300w, https:\/\/cedin.tisolucion.cl\/colegio-tierras-blancas\/wp-content\/uploads\/sites\/5\/2024\/10\/IMG_20241014_111100-1024x768.jpg 1024w, https:\/\/cedin.tisolucion.cl\/colegio-tierras-blancas\/wp-content\/uploads\/sites\/5\/2024\/10\/IMG_20241014_111100-768x576.jpg 768w\" sizes=\"auto, (max-width: 1040px) 100vw, 1040px\" \/><\/a><\/figure>\n\n<h2 class=\"wp-block-post-title has-medium-font-size\">Un Gran Reconocimiento<\/h2>\n\n<div class=\"wp-block-post-date\"><time datetime=\"2024-10-16T11:48:44-03:00\">Octubre 16, 2024<\/time><\/div>\n\n<div class=\"wp-block-post-excerpt\"><p class=\"wp-block-post-excerpt__excerpt\">El 01 de octubre el Centro General de Padres, Madres y Apoderados nos saludan con un significativo presente reconociendo el Dia del y la Asistente de la Educaci\u00f3n y el D\u00eda del Profesor y la Profesora que se celebra el 16 de octubre. Ambas funciones son parte important\u00edsima y valiosa para nuestro centro educativo aportando&hellip; <\/p><\/div>\n<\/li><li class=\"wp-block-post post-154 post type-post status-publish format-standard has-post-thumbnail hentry category-actividad-di category-noticias\">\n<figure style=\"aspect-ratio:4\/3;\" class=\"wp-block-post-featured-image\"><a href=\"https:\/\/cedin.tisolucion.cl\/colegio-tierras-blancas\/2024\/10\/08\/desfile-esquinazo-2024\/\" target=\"_self\"  ><img loading=\"lazy\" decoding=\"async\" width=\"2048\" height=\"1536\" src=\"https:\/\/cedin.tisolucion.cl\/colegio-tierras-blancas\/wp-content\/uploads\/sites\/5\/2024\/09\/394271817_807137651416107_2335116500404051035_n.jpg\" class=\"attachment-post-thumbnail size-post-thumbnail wp-post-image\" alt=\"Desfiles, Esquinazo, actividades deportivas y Festival de las artes!!!!\" style=\"border-radius:15px;width:100%;height:100%;object-fit:cover;\" srcset=\"https:\/\/cedin.tisolucion.cl\/colegio-tierras-blancas\/wp-content\/uploads\/sites\/5\/2024\/09\/394271817_807137651416107_2335116500404051035_n.jpg 2048w, https:\/\/cedin.tisolucion.cl\/colegio-tierras-blancas\/wp-content\/uploads\/sites\/5\/2024\/09\/394271817_807137651416107_2335116500404051035_n-300x225.jpg 300w, https:\/\/cedin.tisolucion.cl\/colegio-tierras-blancas\/wp-content\/uploads\/sites\/5\/2024\/09\/394271817_807137651416107_2335116500404051035_n-1024x768.jpg 1024w, https:\/\/cedin.tisolucion.cl\/colegio-tierras-blancas\/wp-content\/uploads\/sites\/5\/2024\/09\/394271817_807137651416107_2335116500404051035_n-768x576.jpg 768w, https:\/\/cedin.tisolucion.cl\/colegio-tierras-blancas\/wp-content\/uploads\/sites\/5\/2024\/09\/394271817_807137651416107_2335116500404051035_n-1536x1152.jpg 1536w\" sizes=\"auto, (max-width: 2048px) 100vw, 2048px\" \/><\/a><\/figure>\n\n<h2 class=\"wp-block-post-title has-medium-font-size\">Desfiles, Esquinazo, actividades deportivas y Festival de las artes!!!!<\/h2>\n\n<div class=\"wp-block-post-date\"><time datetime=\"2024-10-08T22:40:36-03:00\">Octubre 8, 2024<\/time><\/div>\n\n<div class=\"wp-block-post-excerpt\"><p class=\"wp-block-post-excerpt__excerpt\">A s\u00ed es, nuestros estudiantes participan activamente de instancias propuestas por la comunidad, desde siempre participamos en los desfiles de 21 de mayo y de aniversario de Tierras Blancas, en d\u00f3nde destacan siempre por su disciplina y sentido de pertenencia. El Esquinazo de septiembre, dia de la discapacidad y el Festival de las Artes son&hellip; <\/p><\/div>\n<\/li><li class=\"wp-block-post post-137 post type-post status-publish format-standard has-post-thumbnail hentry category-actividad-tel category-noticias\">\n<figure style=\"aspect-ratio:4\/3;\" class=\"wp-block-post-featured-image\"><a href=\"https:\/\/cedin.tisolucion.cl\/colegio-tierras-blancas\/2024\/10\/08\/intervencion-psicologica\/\" target=\"_self\"  ><img loading=\"lazy\" decoding=\"async\" width=\"1600\" height=\"720\" src=\"https:\/\/cedin.tisolucion.cl\/colegio-tierras-blancas\/wp-content\/uploads\/sites\/5\/2024\/09\/Imagen-de-WhatsApp-2024-08-23-a-las-14.45.39_c8470aa1.jpg\" class=\"attachment-post-thumbnail size-post-thumbnail wp-post-image\" alt=\"Intervenci\u00f3n Psicol\u00f3gica.\" style=\"border-radius:15px;width:100%;height:100%;object-fit:cover;\" srcset=\"https:\/\/cedin.tisolucion.cl\/colegio-tierras-blancas\/wp-content\/uploads\/sites\/5\/2024\/09\/Imagen-de-WhatsApp-2024-08-23-a-las-14.45.39_c8470aa1.jpg 1600w, https:\/\/cedin.tisolucion.cl\/colegio-tierras-blancas\/wp-content\/uploads\/sites\/5\/2024\/09\/Imagen-de-WhatsApp-2024-08-23-a-las-14.45.39_c8470aa1-300x135.jpg 300w, https:\/\/cedin.tisolucion.cl\/colegio-tierras-blancas\/wp-content\/uploads\/sites\/5\/2024\/09\/Imagen-de-WhatsApp-2024-08-23-a-las-14.45.39_c8470aa1-1024x461.jpg 1024w, https:\/\/cedin.tisolucion.cl\/colegio-tierras-blancas\/wp-content\/uploads\/sites\/5\/2024\/09\/Imagen-de-WhatsApp-2024-08-23-a-las-14.45.39_c8470aa1-768x346.jpg 768w, https:\/\/cedin.tisolucion.cl\/colegio-tierras-blancas\/wp-content\/uploads\/sites\/5\/2024\/09\/Imagen-de-WhatsApp-2024-08-23-a-las-14.45.39_c8470aa1-1536x691.jpg 1536w\" sizes=\"auto, (max-width: 1600px) 100vw, 1600px\" \/><\/a><\/figure>\n\n<h2 class=\"wp-block-post-title has-medium-font-size\">Intervenci\u00f3n Psicol\u00f3gica.<\/h2>\n\n<div class=\"wp-block-post-date\"><time datetime=\"2024-10-08T08:43:15-03:00\">Octubre 8, 2024<\/time><\/div>\n\n<div class=\"wp-block-post-excerpt\"><p class=\"wp-block-post-excerpt__excerpt\">CEDIN Tierras Blancas cuenta con dos psic\u00f3logas encargadas de: Psic\u00f3loga encargada de evaluar y diagnosticar NEE permanentes (D\u00e9ficit Intelectual), tratamiento y seguimiento, adem\u00e1s de apoyar y aportar a los padres y profesores con estrategias para el fortalecimiento de sus necesidades. Psic\u00f3loga encargada de convivencia escolar, destinada a potenciar el clima escolar, hacer entrevistas a estudiantes,&hellip; <\/p><\/div>\n<\/li><\/ul>\n\n<nav class=\"has-link-color wp-elements-cc267a11d42d727781508ea48e1af53c wp-block-query-pagination has-text-color has-tertiary-color is-layout-flex wp-block-query-pagination-is-layout-flex\" aria-label=\"Paginaci\u00f3n\">\n\n\n<div class=\"wp-block-query-pagination-numbers\"><span aria-current=\"page\" class=\"page-numbers current\">1<\/span>\n<a class=\"page-numbers\" href=\"?query-0-page=2\">2<\/a>\n<a class=\"page-numbers\" href=\"?query-0-page=3\">3<\/a><\/div>\n\n<a href=\"\/colegio-tierras-blancas\/wp-json\/wp\/v2\/pages\/183?query-0-page=2\" class=\"wp-block-query-pagination-next\">P\u00e1gina siguiente<\/a>\n<\/nav>\n\n<\/div>\n","protected":false},"excerpt":{"rendered":"","protected":false},"author":1,"featured_media":0,"parent":0,"menu_order":0,"comment_status":"closed","ping_status":"closed","template":"","meta":{"footnotes":""},"class_list":["post-183","page","type-page","status-publish","hentry"],"_links":{"self":[{"href":"https:\/\/cedin.tisolucion.cl\/colegio-tierras-blancas\/wp-json\/wp\/v2\/pages\/183","targetHints":{"allow":["GET"]}}],"collection":[{"href":"https:\/\/cedin.tisolucion.cl\/colegio-tierras-blancas\/wp-json\/wp\/v2\/pages"}],"about":[{"href":"https:\/\/cedin.tisolucion.cl\/colegio-tierras-blancas\/wp-json\/wp\/v2\/types\/page"}],"author":[{"embeddable":true,"href":"https:\/\/cedin.tisolucion.cl\/colegio-tierras-blancas\/wp-json\/wp\/v2\/users\/1"}],"replies":[{"embeddable":true,"href":"https:\/\/cedin.tisolucion.cl\/colegio-tierras-blancas\/wp-json\/wp\/v2\/comments?post=183"}],"version-history":[{"count":3,"href":"https:\/\/cedin.tisolucion.cl\/colegio-tierras-blancas\/wp-json\/wp\/v2\/pages\/183\/revisions"}],"predecessor-version":[{"id":201,"href":"https:\/\/cedin.tisolucion.cl\/colegio-tierras-blancas\/wp-json\/wp\/v2\/pages\/183\/revisions\/201"}],"wp:attachment":[{"href":"https:\/\/cedin.tisolucion.cl\/colegio-tierras-blancas\/wp-json\/wp\/v2\/media?parent=183"}],"curies":[{"name":"wp","href":"https:\/\/api.w.org\/{rel}","templated":true}]}}