{"id":189,"date":"2024-10-14T15:46:33","date_gmt":"2024-10-14T18:46:33","guid":{"rendered":"https:\/\/cedin.tisolucion.cl\/colegio-tierras-blancas\/?page_id=189"},"modified":"2024-10-14T16:09:31","modified_gmt":"2024-10-14T19:09:31","slug":"actividades-transtorno-especifico-del-lenguaje","status":"publish","type":"page","link":"https:\/\/cedin.tisolucion.cl\/colegio-tierras-blancas\/actividades-transtorno-especifico-del-lenguaje\/","title":{"rendered":"Actividades Trastorno Espec\u00edfico del Lenguaje"},"content":{"rendered":"\n<p><br><\/p>\n\n\n\n<p><\/p>\n\n\n\n<div class=\"wp-block-query has-global-padding is-layout-constrained wp-block-query-is-layout-constrained\"><ul class=\"columns-3 wp-block-post-template is-layout-grid wp-container-core-post-template-is-layout-572542b5 wp-block-post-template-is-layout-grid\"><li class=\"wp-block-post post-137 post type-post status-publish format-standard has-post-thumbnail hentry category-actividad-tel category-noticias\">\n<figure style=\"aspect-ratio:4\/3;\" class=\"wp-block-post-featured-image\"><a href=\"https:\/\/cedin.tisolucion.cl\/colegio-tierras-blancas\/2024\/10\/08\/intervencion-psicologica\/\" target=\"_self\"  ><img loading=\"lazy\" decoding=\"async\" width=\"1600\" height=\"720\" src=\"https:\/\/cedin.tisolucion.cl\/colegio-tierras-blancas\/wp-content\/uploads\/sites\/5\/2024\/09\/Imagen-de-WhatsApp-2024-08-23-a-las-14.45.39_c8470aa1.jpg\" class=\"attachment-post-thumbnail size-post-thumbnail wp-post-image\" alt=\"Intervenci\u00f3n Psicol\u00f3gica.\" style=\"border-radius:10px;width:100%;height:100%;object-fit:cover;\" srcset=\"https:\/\/cedin.tisolucion.cl\/colegio-tierras-blancas\/wp-content\/uploads\/sites\/5\/2024\/09\/Imagen-de-WhatsApp-2024-08-23-a-las-14.45.39_c8470aa1.jpg 1600w, https:\/\/cedin.tisolucion.cl\/colegio-tierras-blancas\/wp-content\/uploads\/sites\/5\/2024\/09\/Imagen-de-WhatsApp-2024-08-23-a-las-14.45.39_c8470aa1-300x135.jpg 300w, https:\/\/cedin.tisolucion.cl\/colegio-tierras-blancas\/wp-content\/uploads\/sites\/5\/2024\/09\/Imagen-de-WhatsApp-2024-08-23-a-las-14.45.39_c8470aa1-1024x461.jpg 1024w, https:\/\/cedin.tisolucion.cl\/colegio-tierras-blancas\/wp-content\/uploads\/sites\/5\/2024\/09\/Imagen-de-WhatsApp-2024-08-23-a-las-14.45.39_c8470aa1-768x346.jpg 768w, https:\/\/cedin.tisolucion.cl\/colegio-tierras-blancas\/wp-content\/uploads\/sites\/5\/2024\/09\/Imagen-de-WhatsApp-2024-08-23-a-las-14.45.39_c8470aa1-1536x691.jpg 1536w\" sizes=\"auto, (max-width: 1600px) 100vw, 1600px\" \/><\/a><\/figure>\n\n<h2 class=\"wp-block-post-title has-medium-font-size\">Intervenci\u00f3n Psicol\u00f3gica.<\/h2>\n\n<div class=\"wp-block-post-date\"><time datetime=\"2024-10-08T08:43:15-03:00\">Octubre 8, 2024<\/time><\/div>\n\n\n<div style=\"height:34px\" aria-hidden=\"true\" class=\"wp-block-spacer\"><\/div>\n\n\n\n<div class=\"wp-block-columns is-layout-flex wp-container-core-columns-is-layout-28f84493 wp-block-columns-is-layout-flex\">\n<div class=\"wp-block-column is-layout-flow wp-block-column-is-layout-flow\" style=\"flex-basis:100%\"><div class=\"wp-block-post-excerpt\"><p class=\"wp-block-post-excerpt__excerpt\">CEDIN Tierras Blancas cuenta con dos psic\u00f3logas encargadas de: Psic\u00f3loga encargada de evaluar y diagnosticar NEE permanentes (D\u00e9ficit Intelectual), tratamiento y seguimiento, adem\u00e1s de apoyar y aportar a los padres y profesores con estrategias para el fortalecimiento de sus necesidades. Psic\u00f3loga encargada de convivencia escolar, destinada a potenciar el clima escolar, hacer entrevistas a estudiantes,&hellip; <\/p><\/div><\/div>\n<\/div>\n\n<\/li><li class=\"wp-block-post post-132 post type-post status-publish format-standard has-post-thumbnail hentry category-actividad-tel category-noticias\">\n<figure style=\"aspect-ratio:4\/3;\" class=\"wp-block-post-featured-image\"><a href=\"https:\/\/cedin.tisolucion.cl\/colegio-tierras-blancas\/2024\/10\/08\/intervencion-fonoaudiologica\/\" target=\"_self\"  ><img loading=\"lazy\" decoding=\"async\" width=\"1062\" height=\"1416\" src=\"https:\/\/cedin.tisolucion.cl\/colegio-tierras-blancas\/wp-content\/uploads\/sites\/5\/2024\/09\/Imagen-de-WhatsApp-2024-08-23-a-las-12.56.18_7ebdb968.jpg\" class=\"attachment-post-thumbnail size-post-thumbnail wp-post-image\" alt=\"Intervenci\u00f3n fonoaudiol\u00f3gica.\" style=\"border-radius:10px;width:100%;height:100%;object-fit:cover;\" srcset=\"https:\/\/cedin.tisolucion.cl\/colegio-tierras-blancas\/wp-content\/uploads\/sites\/5\/2024\/09\/Imagen-de-WhatsApp-2024-08-23-a-las-12.56.18_7ebdb968.jpg 1062w, https:\/\/cedin.tisolucion.cl\/colegio-tierras-blancas\/wp-content\/uploads\/sites\/5\/2024\/09\/Imagen-de-WhatsApp-2024-08-23-a-las-12.56.18_7ebdb968-225x300.jpg 225w, https:\/\/cedin.tisolucion.cl\/colegio-tierras-blancas\/wp-content\/uploads\/sites\/5\/2024\/09\/Imagen-de-WhatsApp-2024-08-23-a-las-12.56.18_7ebdb968-768x1024.jpg 768w\" sizes=\"auto, (max-width: 1062px) 100vw, 1062px\" \/><\/a><\/figure>\n\n<h2 class=\"wp-block-post-title has-medium-font-size\">Intervenci\u00f3n fonoaudiol\u00f3gica.<\/h2>\n\n<div class=\"wp-block-post-date\"><time datetime=\"2024-10-08T08:29:15-03:00\">Octubre 8, 2024<\/time><\/div>\n\n\n<div style=\"height:34px\" aria-hidden=\"true\" class=\"wp-block-spacer\"><\/div>\n\n\n\n<div class=\"wp-block-columns is-layout-flex wp-container-core-columns-is-layout-28f84493 wp-block-columns-is-layout-flex\">\n<div class=\"wp-block-column is-layout-flow wp-block-column-is-layout-flow\" style=\"flex-basis:100%\"><div class=\"wp-block-post-excerpt\"><p class=\"wp-block-post-excerpt__excerpt\">La intervenci\u00f3n consiste en la evaluaci\u00f3n, diagn\u00f3stico y tratamiento en el \u00e1rea de Trastornos del lenguaje y est\u00e1 destinada a la atenci\u00f3n de ni\u00f1os y ni\u00f1as desde los 3 a\u00f1os a los 5 a\u00f1os 11 meses; se fortalece la comunicaci\u00f3n en todos sus niveles y se favorece el logro de aspectos esenciales como habilidades comunicativas&hellip; <\/p><\/div><\/div>\n<\/div>\n\n<\/li><li class=\"wp-block-post post-128 post type-post status-publish format-standard has-post-thumbnail hentry category-actividad-tel category-noticias\">\n<figure style=\"aspect-ratio:4\/3;\" class=\"wp-block-post-featured-image\"><a href=\"https:\/\/cedin.tisolucion.cl\/colegio-tierras-blancas\/2024\/10\/07\/dia-de-la-ninez\/\" target=\"_self\"  ><img loading=\"lazy\" decoding=\"async\" width=\"720\" height=\"960\" src=\"https:\/\/cedin.tisolucion.cl\/colegio-tierras-blancas\/wp-content\/uploads\/sites\/5\/2024\/09\/443699083_948804820582722_4106964063045090534_n.jpg\" class=\"attachment-post-thumbnail size-post-thumbnail wp-post-image\" alt=\"D\u00eda de la ni\u00f1ez\" style=\"border-radius:10px;width:100%;height:100%;object-fit:cover;\" srcset=\"https:\/\/cedin.tisolucion.cl\/colegio-tierras-blancas\/wp-content\/uploads\/sites\/5\/2024\/09\/443699083_948804820582722_4106964063045090534_n.jpg 720w, https:\/\/cedin.tisolucion.cl\/colegio-tierras-blancas\/wp-content\/uploads\/sites\/5\/2024\/09\/443699083_948804820582722_4106964063045090534_n-225x300.jpg 225w\" sizes=\"auto, (max-width: 720px) 100vw, 720px\" \/><\/a><\/figure>\n\n<h2 class=\"wp-block-post-title has-medium-font-size\">D\u00eda de la ni\u00f1ez<\/h2>\n\n<div class=\"wp-block-post-date\"><time datetime=\"2024-10-07T23:27:27-03:00\">Octubre 7, 2024<\/time><\/div>\n\n\n<div style=\"height:34px\" aria-hidden=\"true\" class=\"wp-block-spacer\"><\/div>\n\n\n\n<div class=\"wp-block-columns is-layout-flex wp-container-core-columns-is-layout-28f84493 wp-block-columns-is-layout-flex\">\n<div class=\"wp-block-column is-layout-flow wp-block-column-is-layout-flow\" style=\"flex-basis:100%\"><div class=\"wp-block-post-excerpt\"><p class=\"wp-block-post-excerpt__excerpt\">Los m\u00e1s peque\u00f1os del colegio celebraron el d\u00eda de la ni\u00f1ez con juegos inflables, camas el\u00e1sticas y actividades l\u00fadicas. Asisten constantemente a diferentes instancias con la comunidad, aprendiendo de manera l\u00fadica, compartiendo con pares y adultos y potenciando actitudes y conocimientos que aportan en la convivencia arm\u00f3nica con su entorno. Con estas celebraciones potenciamos su&hellip; <\/p><\/div><\/div>\n<\/div>\n\n<\/li><\/ul>\n\n\n\n<\/div>\n\n\n\n<p><\/p>\n","protected":false},"excerpt":{"rendered":"","protected":false},"author":1,"featured_media":0,"parent":0,"menu_order":0,"comment_status":"closed","ping_status":"closed","template":"","meta":{"footnotes":""},"class_list":["post-189","page","type-page","status-publish","hentry"],"_links":{"self":[{"href":"https:\/\/cedin.tisolucion.cl\/colegio-tierras-blancas\/wp-json\/wp\/v2\/pages\/189","targetHints":{"allow":["GET"]}}],"collection":[{"href":"https:\/\/cedin.tisolucion.cl\/colegio-tierras-blancas\/wp-json\/wp\/v2\/pages"}],"about":[{"href":"https:\/\/cedin.tisolucion.cl\/colegio-tierras-blancas\/wp-json\/wp\/v2\/types\/page"}],"author":[{"embeddable":true,"href":"https:\/\/cedin.tisolucion.cl\/colegio-tierras-blancas\/wp-json\/wp\/v2\/users\/1"}],"replies":[{"embeddable":true,"href":"https:\/\/cedin.tisolucion.cl\/colegio-tierras-blancas\/wp-json\/wp\/v2\/comments?post=189"}],"version-history":[{"count":5,"href":"https:\/\/cedin.tisolucion.cl\/colegio-tierras-blancas\/wp-json\/wp\/v2\/pages\/189\/revisions"}],"predecessor-version":[{"id":197,"href":"https:\/\/cedin.tisolucion.cl\/colegio-tierras-blancas\/wp-json\/wp\/v2\/pages\/189\/revisions\/197"}],"wp:attachment":[{"href":"https:\/\/cedin.tisolucion.cl\/colegio-tierras-blancas\/wp-json\/wp\/v2\/media?parent=189"}],"curies":[{"name":"wp","href":"https:\/\/api.w.org\/{rel}","templated":true}]}}