{"id":78,"date":"2024-09-25T15:43:48","date_gmt":"2024-09-25T18:43:48","guid":{"rendered":"https:\/\/cedin.tisolucion.cl\/colegio-tierras-blancas\/?page_id=78"},"modified":"2024-09-25T15:49:57","modified_gmt":"2024-09-25T18:49:57","slug":"sala-de-informatica","status":"publish","type":"page","link":"https:\/\/cedin.tisolucion.cl\/colegio-tierras-blancas\/sala-de-informatica\/","title":{"rendered":"Sala de Inform\u00e1tica"},"content":{"rendered":"\n<p>Ejecuci\u00f3n de Proyecto enlaces para el \u00e1rea de D\u00e9ficit Cognitivo y proyecto Novasur para el \u00e1rea de trastornos del lenguaje a cargo de la Profesora Fabiola Cort\u00e9s.<\/p>\n\n\n\n<p>Mediante el uso de las TICS se fomenta la autonom\u00eda en el uso de herramientas tecnol\u00f3gicas, el manejo b\u00e1sico de programas incentivando el pensamiento creativo y reflexivo, adem\u00e1s de aprovechar esta instancia para aprender de manera diferente, de potencial la atenci\u00f3n y la concentraci\u00f3n mediante el uso de juegos tecnol\u00f3gicos o de recopilar informaci\u00f3n solicitada.<\/p>\n\n\n\n<p>En los m\u00e1s peque\u00f1os est\u00e1 destinada a potenciar el lenguaje y al aprendizaje de manera transversal, incentivando el inter\u00e9s por descubrir diferentes contenidos pedag\u00f3gicos y por manipular herramientas tecnol\u00f3gicas como Tablet y computador, aprendiendo en diferentes contextos.<\/p>\n\n\n\n<figure class=\"wp-block-gallery has-nested-images columns-default is-cropped wp-block-gallery-1 is-layout-flex wp-block-gallery-is-layout-flex\">\n<figure data-wp-context=\"{&quot;imageId&quot;:&quot;69eb91921ad53&quot;}\" data-wp-interactive=\"core\/image\" data-wp-key=\"69eb91921ad53\" class=\"wp-block-image size-large wp-lightbox-container\"><img loading=\"lazy\" decoding=\"async\" width=\"1024\" height=\"461\" data-wp-class--hide=\"state.isContentHidden\" data-wp-class--show=\"state.isContentVisible\" data-wp-init=\"callbacks.setButtonStyles\" data-wp-on--click=\"actions.showLightbox\" data-wp-on--load=\"callbacks.setButtonStyles\" data-wp-on-window--resize=\"callbacks.setButtonStyles\" data-id=\"33\" src=\"https:\/\/cedin.tisolucion.cl\/colegio-tierras-blancas\/wp-content\/uploads\/sites\/5\/2024\/09\/Imagen-de-WhatsApp-2024-08-23-a-las-11.12.54_12a968c2-1024x461.jpg\" alt=\"\" class=\"wp-image-33\" srcset=\"https:\/\/cedin.tisolucion.cl\/colegio-tierras-blancas\/wp-content\/uploads\/sites\/5\/2024\/09\/Imagen-de-WhatsApp-2024-08-23-a-las-11.12.54_12a968c2-1024x461.jpg 1024w, https:\/\/cedin.tisolucion.cl\/colegio-tierras-blancas\/wp-content\/uploads\/sites\/5\/2024\/09\/Imagen-de-WhatsApp-2024-08-23-a-las-11.12.54_12a968c2-300x135.jpg 300w, https:\/\/cedin.tisolucion.cl\/colegio-tierras-blancas\/wp-content\/uploads\/sites\/5\/2024\/09\/Imagen-de-WhatsApp-2024-08-23-a-las-11.12.54_12a968c2-768x346.jpg 768w, https:\/\/cedin.tisolucion.cl\/colegio-tierras-blancas\/wp-content\/uploads\/sites\/5\/2024\/09\/Imagen-de-WhatsApp-2024-08-23-a-las-11.12.54_12a968c2-1536x691.jpg 1536w, https:\/\/cedin.tisolucion.cl\/colegio-tierras-blancas\/wp-content\/uploads\/sites\/5\/2024\/09\/Imagen-de-WhatsApp-2024-08-23-a-las-11.12.54_12a968c2.jpg 1600w\" sizes=\"auto, (max-width: 1024px) 100vw, 1024px\" \/><button\n\t\t\tclass=\"lightbox-trigger\"\n\t\t\ttype=\"button\"\n\t\t\taria-haspopup=\"dialog\"\n\t\t\taria-label=\"Agrandar\"\n\t\t\tdata-wp-init=\"callbacks.initTriggerButton\"\n\t\t\tdata-wp-on--click=\"actions.showLightbox\"\n\t\t\tdata-wp-style--right=\"state.imageButtonRight\"\n\t\t\tdata-wp-style--top=\"state.imageButtonTop\"\n\t\t>\n\t\t\t<svg xmlns=\"http:\/\/www.w3.org\/2000\/svg\" width=\"12\" height=\"12\" fill=\"none\" viewBox=\"0 0 12 12\">\n\t\t\t\t<path fill=\"#fff\" d=\"M2 0a2 2 0 0 0-2 2v2h1.5V2a.5.5 0 0 1 .5-.5h2V0H2Zm2 10.5H2a.5.5 0 0 1-.5-.5V8H0v2a2 2 0 0 0 2 2h2v-1.5ZM8 12v-1.5h2a.5.5 0 0 0 .5-.5V8H12v2a2 2 0 0 1-2 2H8Zm2-12a2 2 0 0 1 2 2v2h-1.5V2a.5.5 0 0 0-.5-.5H8V0h2Z\" \/>\n\t\t\t<\/svg>\n\t\t<\/button><\/figure>\n\n\n\n<figure data-wp-context=\"{&quot;imageId&quot;:&quot;69eb91921b3e3&quot;}\" data-wp-interactive=\"core\/image\" data-wp-key=\"69eb91921b3e3\" class=\"wp-block-image size-large wp-lightbox-container\"><img loading=\"lazy\" decoding=\"async\" width=\"1024\" height=\"461\" data-wp-class--hide=\"state.isContentHidden\" data-wp-class--show=\"state.isContentVisible\" data-wp-init=\"callbacks.setButtonStyles\" data-wp-on--click=\"actions.showLightbox\" data-wp-on--load=\"callbacks.setButtonStyles\" data-wp-on-window--resize=\"callbacks.setButtonStyles\" data-id=\"34\" src=\"https:\/\/cedin.tisolucion.cl\/colegio-tierras-blancas\/wp-content\/uploads\/sites\/5\/2024\/09\/Imagen-de-WhatsApp-2024-08-23-a-las-11.13.00_a9213ac6-1024x461.jpg\" alt=\"\" class=\"wp-image-34\" srcset=\"https:\/\/cedin.tisolucion.cl\/colegio-tierras-blancas\/wp-content\/uploads\/sites\/5\/2024\/09\/Imagen-de-WhatsApp-2024-08-23-a-las-11.13.00_a9213ac6-1024x461.jpg 1024w, https:\/\/cedin.tisolucion.cl\/colegio-tierras-blancas\/wp-content\/uploads\/sites\/5\/2024\/09\/Imagen-de-WhatsApp-2024-08-23-a-las-11.13.00_a9213ac6-300x135.jpg 300w, https:\/\/cedin.tisolucion.cl\/colegio-tierras-blancas\/wp-content\/uploads\/sites\/5\/2024\/09\/Imagen-de-WhatsApp-2024-08-23-a-las-11.13.00_a9213ac6-768x346.jpg 768w, https:\/\/cedin.tisolucion.cl\/colegio-tierras-blancas\/wp-content\/uploads\/sites\/5\/2024\/09\/Imagen-de-WhatsApp-2024-08-23-a-las-11.13.00_a9213ac6-1536x691.jpg 1536w, https:\/\/cedin.tisolucion.cl\/colegio-tierras-blancas\/wp-content\/uploads\/sites\/5\/2024\/09\/Imagen-de-WhatsApp-2024-08-23-a-las-11.13.00_a9213ac6.jpg 1600w\" sizes=\"auto, (max-width: 1024px) 100vw, 1024px\" \/><button\n\t\t\tclass=\"lightbox-trigger\"\n\t\t\ttype=\"button\"\n\t\t\taria-haspopup=\"dialog\"\n\t\t\taria-label=\"Agrandar\"\n\t\t\tdata-wp-init=\"callbacks.initTriggerButton\"\n\t\t\tdata-wp-on--click=\"actions.showLightbox\"\n\t\t\tdata-wp-style--right=\"state.imageButtonRight\"\n\t\t\tdata-wp-style--top=\"state.imageButtonTop\"\n\t\t>\n\t\t\t<svg xmlns=\"http:\/\/www.w3.org\/2000\/svg\" width=\"12\" height=\"12\" fill=\"none\" viewBox=\"0 0 12 12\">\n\t\t\t\t<path fill=\"#fff\" d=\"M2 0a2 2 0 0 0-2 2v2h1.5V2a.5.5 0 0 1 .5-.5h2V0H2Zm2 10.5H2a.5.5 0 0 1-.5-.5V8H0v2a2 2 0 0 0 2 2h2v-1.5ZM8 12v-1.5h2a.5.5 0 0 0 .5-.5V8H12v2a2 2 0 0 1-2 2H8Zm2-12a2 2 0 0 1 2 2v2h-1.5V2a.5.5 0 0 0-.5-.5H8V0h2Z\" \/>\n\t\t\t<\/svg>\n\t\t<\/button><\/figure>\n<\/figure>\n\n\n\n<p><\/p>\n","protected":false},"excerpt":{"rendered":"<p>Ejecuci\u00f3n de Proyecto enlaces para el \u00e1rea de D\u00e9ficit Cognitivo y proyecto Novasur para el \u00e1rea de trastornos del lenguaje a cargo de la Profesora Fabiola Cort\u00e9s. Mediante el uso de las TICS se fomenta la autonom\u00eda en el uso de herramientas tecnol\u00f3gicas, el manejo b\u00e1sico de programas incentivando el pensamiento creativo y reflexivo, adem\u00e1s [&hellip;]<\/p>\n","protected":false},"author":1,"featured_media":0,"parent":0,"menu_order":0,"comment_status":"closed","ping_status":"closed","template":"","meta":{"footnotes":""},"class_list":["post-78","page","type-page","status-publish","hentry"],"_links":{"self":[{"href":"https:\/\/cedin.tisolucion.cl\/colegio-tierras-blancas\/wp-json\/wp\/v2\/pages\/78","targetHints":{"allow":["GET"]}}],"collection":[{"href":"https:\/\/cedin.tisolucion.cl\/colegio-tierras-blancas\/wp-json\/wp\/v2\/pages"}],"about":[{"href":"https:\/\/cedin.tisolucion.cl\/colegio-tierras-blancas\/wp-json\/wp\/v2\/types\/page"}],"author":[{"embeddable":true,"href":"https:\/\/cedin.tisolucion.cl\/colegio-tierras-blancas\/wp-json\/wp\/v2\/users\/1"}],"replies":[{"embeddable":true,"href":"https:\/\/cedin.tisolucion.cl\/colegio-tierras-blancas\/wp-json\/wp\/v2\/comments?post=78"}],"version-history":[{"count":3,"href":"https:\/\/cedin.tisolucion.cl\/colegio-tierras-blancas\/wp-json\/wp\/v2\/pages\/78\/revisions"}],"predecessor-version":[{"id":83,"href":"https:\/\/cedin.tisolucion.cl\/colegio-tierras-blancas\/wp-json\/wp\/v2\/pages\/78\/revisions\/83"}],"wp:attachment":[{"href":"https:\/\/cedin.tisolucion.cl\/colegio-tierras-blancas\/wp-json\/wp\/v2\/media?parent=78"}],"curies":[{"name":"wp","href":"https:\/\/api.w.org\/{rel}","templated":true}]}}